{"id":5096,"date":"2022-11-29T12:50:00","date_gmt":"2022-11-29T11:50:00","guid":{"rendered":"https:\/\/treelab.eu\/zasady-ochrany-osobnych-udajov\/"},"modified":"2023-05-18T13:03:49","modified_gmt":"2023-05-18T11:03:49","slug":"datenschutzbestimmungen","status":"publish","type":"page","link":"https:\/\/treelab.eu\/de\/datenschutzbestimmungen\/","title":{"rendered":"Datenschutzbestimmungen"},"content":{"rendered":"<div class=\"wpb-content-wrapper\"><p>[vc_row][vc_column][vc_column_text]<\/p>\n<p>Sme spolo\u010dnos\u0165 Tree Lab s. r. o., Ferdi\u0161a Kostku 3291\/1, 841 05 Bratislava &#8211; mestsk\u00e1 \u010das\u0165 Karlova Ves, I\u010cO: 50218042, Obchodn\u00fd register Okresn\u00e9ho s\u00fadu Bratislava I, oddiel: Sro, vlo\u017eka \u010d. 110116\/B.<\/p>\n<p>Prev\u00e1dzkujeme e-shop na webov\u00fdch str\u00e1nkach https:\/\/treelab.eu\/<\/p>\n<p>Pri poskytovan\u00ed na\u0161ich slu\u017eieb a predaji tovaru a\u00a0prev\u00e1dzkovan\u00ed na\u0161ich webov\u00fdch str\u00e1nok sprac\u00favame niektor\u00e9 osobn\u00e9 \u00fadaje.<\/p>\n<p>Sprac\u00favanie osobn\u00fdch \u00fadajov upravuje najm\u00e4 nariadenie Eur\u00f3pskeho parlamentu a Rady (E\u00da) 2016\/679 z 27. apr\u00edla 2016 pri sprac\u00favan\u00ed osobn\u00fdch \u00fadajov a\u00a0o\u00a0vo\u013enom pohybe tak\u00fdchto \u00fadajov, ktor\u00fdm sa zru\u0161uje 95\/46\/ES (v\u0161eobecn\u00e9 nariadenie o ochrane osobn\u00fdch \u00fadajov) (\u201e<strong>GDPR<\/strong>\u201c).<\/p>\n<h3>I. Sprac\u00favanie osobn\u00fdch \u00fadajov<\/h3>\n<h4><strong>\u00a0 \u00a0A: Sprac\u00favanie osobn\u00fdch \u00fadajov v pr\u00edpade pou\u017eitia kontaktn\u00e9ho formul\u00e1ra<\/strong><\/h4>\n<p>Pokia\u013e n\u00e1s kontaktujete v\u00a0s\u00favislosti s na\u0161imi slu\u017ebami a produktami, budeme pracova\u0165 s Va\u0161imi kontaktn\u00fdmi \u00fadajmi, ktor\u00e9 n\u00e1m ozn\u00e1mite a to hlavne prostredn\u00edctvom kontaktn\u00e9ho formul\u00e1ra. S\u00fa to osobn\u00e9 \u00fadaje v rozsahu: Meno a e-mailov\u00e1 adresa.<\/p>\n<p><u>Z ak\u00e9ho d\u00f4vodu?<\/u><\/p>\n<p>Na z\u00e1klade zaslan\u00fdch osobn\u00fdch \u00fadajov V\u00e1s n\u00e1sledne budeme kontaktova\u0165 v\u00a0s\u00favislosti s\u00a0na\u0161ou ponukou tovaru a slu\u017eieb.<\/p>\n<p><u>Na z\u00e1klade ak\u00e9ho pr\u00e1vneho z\u00e1kladu?<\/u><\/p>\n<p>Ide o sprac\u00favanie na z\u00e1klade \u010dl\u00e1nku 6 ods. 1 p\u00edsm. b) GDPR \u2013 plnenie zmluvy, resp. vykonanie opatren\u00ed pred uzavret\u00edm zmluvy na Va\u0161u \u017eiados\u0165.<\/p>\n<p>Pokia\u013e by ste n\u00e1m tieto osobn\u00e9 \u00fadaje neposkytli, nebudeme m\u00f4c\u0165 s\u00a0Vami komunikova\u0165 za \u00fa\u010delom uzatvorenia zmluvy o\u00a0dodan\u00ed na\u0161ich tovarov alebo poskytnut\u00ed na\u0161ich slu\u017eieb.<\/p>\n<p><u>Ako dlho budeme osobn\u00e9 \u00fadaje sprac\u00fava\u0165?<\/u><\/p>\n<p>Pokia\u013e nenadvia\u017eeme \u010fal\u0161iu spolupr\u00e1cu, Va\u0161e osobn\u00e9 \u00fadaje budeme sprac\u00fava\u0165 najdlh\u0161ie 2 roky od na\u0161ej poslednej komunik\u00e1cie.<\/p>\n<h4><strong>\u00a0 \u00a0B: Sprac\u00favanie osobn\u00fdch \u00fadajov v pr\u00edpade n\u00e1kupu<\/strong><\/h4>\n<p>Pokia\u013e u n\u00e1s nak\u00fapite, budeme pracova\u0165 s\u00a0osobn\u00fdmi \u00fadajmi, ktor\u00e9 od V\u00e1s potrebujeme na zabezpe\u010denie uzatvorenia zmluvy o\u00a0poskytnut\u00ed na\u0161ich tovarov alebo slu\u017eieb. S\u00fa to hlavne faktura\u010dn\u00e9 \u00fadaje: meno, priezvisko, adresa a telef\u00f3nne \u010d\u00edslo.<\/p>\n<p><u>Z ak\u00e9ho d\u00f4vodu?<\/u><\/p>\n<p>Osobn\u00e9 \u00fadaje potrebujeme sprac\u00fava\u0165, aby sme mohli splni\u0165 na\u0161e povinnosti vypl\u00fdvaj\u00face zo zmluvy \u2013 dodanie tovaru alebo poskytovanie slu\u017eieb. Vyu\u017eit\u00edm kontaktn\u00fdch \u00fadajov budeme s Vami tie\u017e komunikova\u0165 oh\u013eadom stavu Va\u0161ej objedn\u00e1vky, pr\u00edpadne oh\u013eadom reklam\u00e1ci\u00ed alebo Va\u0161ich ot\u00e1zok.<\/p>\n<p>Osobn\u00e9 \u00fadaje budeme \u010falej sprac\u00fava\u0165 pre splnenie na\u0161ich povinnost\u00ed, ktor\u00e9 n\u00e1m plyn\u00fa zo v\u0161eobecne z\u00e1v\u00e4zn\u00fdch pr\u00e1vnych predpisov (hlavne na \u00fa\u010dtovn\u00e9 a da\u0148ov\u00e9 \u00fa\u010dely, pr\u00edpadne na vybavenie reklam\u00e1ci\u00ed a in\u00e9).<\/p>\n<p><u>Na z\u00e1klade ak\u00e9ho pr\u00e1vneho z\u00e1kladu sprac\u00favame osobn\u00e9 \u00fadaje?<\/u><\/p>\n<p>Ide o sprac\u00favanie na z\u00e1klade \u010dl\u00e1nku 6 ods. 1 p\u00edsm. b) GDPR \u2013 plnenie zmluvy a \u010dl\u00e1nok 6 ods. 1 p\u00edsm. c) GDPR \u2013 plnenie na\u0161ej pr\u00e1vnej povinnosti.<\/p>\n<p>Pokia\u013e by ste n\u00e1m tieto osobn\u00e9 \u00fadaje neposkytli, nebudeme m\u00f4c\u0165 s\u00a0Vami uzatvori\u0165 zmluvu o\u00a0dodan\u00ed na\u0161ich tovarov alebo poskytnut\u00ed na\u0161ich slu\u017eieb.<\/p>\n<p><u>Ako dlho budeme osobn\u00e9 \u00fadaje sprac\u00fava\u0165?<\/u><\/p>\n<p>Po\u010das dodania tovarov alebo poskytovania slu\u017eieb a potom 10 rokov od posledn\u00e9ho poskytnutia tak\u00fdch slu\u017eieb alebo dodania tovaru.<\/p>\n<h4><strong>\u00a0 \u00a0C: Newsletter (komer\u010dn\u00e1 komunik\u00e1cia)<\/strong><\/h4>\n<p>Pokia\u013e ste si u\u00a0n\u00e1s zak\u00fapili tovar alebo slu\u017eby a\u00a0z\u00e1rove\u0148 ste v\u00fdslovne za\u0161krtli z\u00e1ujem o zasielanie marketingov\u00fdch ozn\u00e1men\u00ed, pou\u017eijeme Va\u0161u e-mailov\u00fa adresu na zasielanie na\u0161ich marketingov\u00fdch ozn\u00e1men\u00ed.<\/p>\n<p><u>Na z\u00e1klade ak\u00e9ho pr\u00e1vneho z\u00e1kladu?<\/u><\/p>\n<p>Ide o sprac\u00favanie na z\u00e1klade \u010dl\u00e1nku 6 ods. 1 p\u00edsm. f) GDPR \u2013 na\u0161e opr\u00e1vnen\u00e9 z\u00e1ujmy, ktor\u00fdmi s\u00fa marketingov\u00e1 komunik\u00e1cii cielen\u00e1 na na\u0161ich z\u00e1kazn\u00edkov.<\/p>\n<p><u>Ako dlho budeme osobn\u00e9 \u00fadaje sprac\u00fava\u0165?<\/u><\/p>\n<p>2 roky od V\u00e1\u0161ho posledn\u00e9ho n\u00e1kupu. V\u00a0pr\u00edpade, ak nechcete na\u010falej dost\u00e1va\u0165 na\u0161e marketingov\u00e9 ozn\u00e1menia, m\u00f4\u017eete sa kedyko\u013evek odhl\u00e1si\u0165 prostredn\u00edctvom e-mailu alebo n\u00e1s m\u00f4\u017eete kontaktova\u0165 na e-maile: support@treelab.sk<\/p>\n<h3>II. Kto sa k \u00fadajom dostane?<\/h3>\n<p>Va\u0161e osobn\u00e9 \u00fadaje zostan\u00fa u n\u00e1s. Napriek tomu pre n\u00e1s pracuj\u00fa niektor\u00e9 spolo\u010dnosti alebo in\u00e9 osoby, ktor\u00e9 maj\u00fa pr\u00edstup k\u00a0Va\u0161im osobn\u00fd \u00fadajom z\u00a0d\u00f4vodu toho, \u017ee n\u00e1m pom\u00e1haj\u00fa s chodom n\u00e1\u0161ho e-shopu. S\u00fa to:<\/p>\n<ul>\n<li>prev\u00e1dzkovate\u013e CRM syst\u00e9mu (Spolo\u010dnos\u0165 TABI Corp., s.r.o., so s\u00eddlom N\u00e1mestie Jozefa Herdu 579\/1, 917 01 Trnava, I\u010cO: 44374631, Obchodn\u00fd register Okresn\u00e9ho s\u00fadu Trnava, oddiel: Sro, vlo\u017eka \u010d. 22595\/T)<\/li>\n<li>prev\u00e1dzkovate\u013e hostingov\u00fdch slu\u017eieb (Spolo\u010dnos\u0165 Websupport s. r. o., so s\u00eddlom Karad\u017ei\u010dova 7608\/12, 821 08 Bratislava &#8211; mestsk\u00e1 \u010das\u0165 Ru\u017einov, I\u010cO: 36421928, Obchodn\u00fd register Okresn\u00e9ho s\u00fadu Bratislava I, oddiel: Sro, vlo\u017eka \u010d. 63270\/B)<\/li>\n<li>spolo\u010dnosti podie\u013eaj\u00face sa na exped\u00edcii tovaru (\u2026\u2026\u2026\u2026\u2026\u2026)<\/li>\n<li>spolo\u010dnosti podie\u013eaj\u00face sa na exped\u00edcii platieb (\u2026\u2026\u2026\u2026\u2026\u2026)<\/li>\n<\/ul>\n<p>Osobn\u00e9 \u00fadaje sprac\u00favame iba na \u00fazem\u00ed Eur\u00f3pskej \u00fanie.<\/p>\n<h3>III. \u010co by ste \u010falej mali vedie\u0165<\/h3>\n<p>V na\u0161ej spolo\u010dnosti nem\u00e1me zodpovedn\u00fa osobu pre ochranu osobn\u00fdch \u00fadajov.<\/p>\n<p>V na\u0161ej spolo\u010dnosti doch\u00e1dza k rozhodovaniu na z\u00e1klade automatick\u00e9ho sprac\u00favania \u010di profilovania.<\/p>\n<p>Pokia\u013e by ste mali k osobn\u00fdm \u00fadajom ot\u00e1zky, kontaktujte n\u00e1s na e-mailovej adrese support@treelab.sk alebo zavolajte na tel. \u010d. +421 221 011 906<\/p>\n<h3>IV. Pou\u017e\u00edvanie s\u00faborov cookies<\/h3>\n<p>Cookies s\u00fa textov\u00e9 s\u00fabory obsahuj\u00face mal\u00e9 mno\u017estvo inform\u00e1ci\u00ed, ktor\u00e9 sa pri n\u00e1v\u0161teve na\u0161ich webov\u00fdch str\u00e1nok s\u0165ahuj\u00fa do V\u00e1\u0161ho zariadenia. S\u00fabory cookies sa n\u00e1sledne pri ka\u017edej \u010fal\u0161ej n\u00e1v\u0161teve odosielaj\u00fa sp\u00e4\u0165 na webov\u00fa str\u00e1nku alebo in\u00fa webov\u00fa str\u00e1nku, ktor\u00e1 ich rozpozn\u00e1.<\/p>\n<p>S\u00fabory cookies plnia r\u00f4zne \u00falohy, napr\u00edklad umo\u017e\u0148uj\u00fa efekt\u00edvnu navig\u00e1ciu medzi webov\u00fdmi str\u00e1nkami, zapam\u00e4tanie si Va\u0161ich preferenci\u00ed a celkovo zlep\u0161uj\u00fa sk\u00fasenos\u0165 pou\u017e\u00edvate\u013ea. Dok\u00e1\u017eu tie\u017e zaisti\u0165, aby reklamy zobrazovan\u00e9 on-line boli lep\u0161ie prisp\u00f4soben\u00e9 Va\u0161ej osobe a Va\u0161im z\u00e1ujmom.<\/p>\n<p>Na webov\u00fdch str\u00e1nkach pou\u017e\u00edvame nasleduj\u00face cookies:<\/p>\n<ul>\n<li><strong>Nevyhnutn\u00e9 cookies<\/strong>: s\u00fa potrebn\u00e9 na prev\u00e1dzku webov\u00fdch str\u00e1nok, umo\u017e\u0148uj\u00fa napr\u00edklad prihl\u00e1si\u0165 sa do zabezpe\u010den\u00fdch \u010dast\u00ed str\u00e1nok a \u010fal\u0161ie z\u00e1kladn\u00e9 funk\u010dnosti str\u00e1nok. T\u00e1to kateg\u00f3ria cookies sa ned\u00e1 zak\u00e1za\u0165.<\/li>\n<li><strong>Analytick\u00e9\/\u0161tatistick\u00e9 cookies<\/strong>: umo\u017e\u0148uj\u00fa n\u00e1m napr\u00edklad rozpozna\u0165 a zisti\u0165 po\u010det n\u00e1v\u0161tevn\u00edkov a sledova\u0165, ako na\u0161i n\u00e1v\u0161tevn\u00edci pou\u017e\u00edvaj\u00fa webov\u00e9 str\u00e1nky. Pom\u00e1haj\u00fa n\u00e1m zlep\u0161ova\u0165 sp\u00f4sob, ak\u00fdm str\u00e1nky funguj\u00fa, napr\u00edklad tak, \u017ee umo\u017e\u0148uj\u00fa pou\u017e\u00edvate\u013eom \u013eahko n\u00e1js\u0165 to, \u010do h\u013eadaj\u00fa. Tieto s\u00fabory sp\u00fa\u0161\u0165ame iba s Va\u0161\u00edm predch\u00e1dzaj\u00facim s\u00fahlasom.<\/li>\n<li><strong>Reklamn\u00e9 cookies<\/strong>: pou\u017e\u00edvaj\u00fa sa na sledovanie preferenci\u00ed a umo\u017e\u0148uj\u00fa zobrazi\u0165 reklamu a \u010fal\u0161\u00ed obsah, ktor\u00e9 najlep\u0161ie zodpovedaj\u00fa v\u00e1\u0161mu z\u00e1ujmu a online spr\u00e1vaniu. Tieto s\u00fabory sp\u00fa\u0161\u0165ame iba s Va\u0161\u00edm predch\u00e1dzaj\u00facim s\u00fahlasom.<\/li>\n<\/ul>\n<p>Upozor\u0148ujeme, \u017ee tretie strany (vr\u00e1tane napr. poskytovate\u013eov extern\u00fdch slu\u017eieb) m\u00f4\u017eu taktie\u017e pou\u017e\u00edva\u0165 cookies a\/alebo pristupova\u0165 k \u00fadajom zhroma\u017e\u010fovan\u00fdm cookies na webov\u00fdch str\u00e1nkach.<\/p>\n<p>\u010eal\u0161ie inform\u00e1cie o cookies a ich aktu\u00e1lny zoznam n\u00e1jdete na podstr\u00e1nke <a href=\"https:\/\/treelab.eu\/sk\/zasady-pouzivania-suborov-cookie\/\">Z\u00e1sady pou\u017e\u00edvania s\u00faborov cookie<\/a>.<\/p>\n<h3>V. Va\u0161e pr\u00e1va v s\u00favislosti so sprac\u00favan\u00edm osobn\u00fdch \u00fadajov<\/h3>\n<p>Nariadenie GDPR v\u00e1m d\u00e1va okrem in\u00e9ho pr\u00e1vo obr\u00e1ti\u0165 sa na n\u00e1s a chcie\u0165 inform\u00e1cie, ak\u00e9 Va\u0161e osobn\u00e9 \u00fadaje sprac\u00favame, vy\u017eiada\u0165 si u n\u00e1s pr\u00edstup k t\u00fdmto \u00fadajom a necha\u0165 ich aktualizova\u0165 alebo opravi\u0165, popr\u00edpade po\u017eadova\u0165 obmedzenie sprac\u00favania, m\u00f4\u017eete po\u017eadova\u0165 k\u00f3piu sprac\u00favan\u00fdch osobn\u00fdch \u00fadajov, po\u017eadova\u0165 po n\u00e1s v ur\u010dit\u00fdch situ\u00e1ci\u00e1ch v\u00fdmaz osobn\u00fdch \u00fadajov a v ur\u010dit\u00fdch pr\u00edpadoch m\u00e1te pr\u00e1vo na ich prenosite\u013enos\u0165. Proti sprac\u00favaniu na z\u00e1klade opr\u00e1vnen\u00e9ho z\u00e1ujmu je mo\u017en\u00e9 vznies\u0165 n\u00e1mietku.<\/p>\n<p>Ak si mysl\u00edte, \u017ee s \u00fadajmi nezaobch\u00e1dzame spr\u00e1vne, m\u00e1te pr\u00e1vo poda\u0165 s\u0165a\u017enos\u0165 dozorn\u00e9mu org\u00e1nu, ktor\u00fdm je v na\u0161ej jurisdikcii \u00darad na ochranu osobn\u00fdch \u00fadajov Slovenskej republiky, Hrani\u010dn\u00e1 12, 820 07 Bratislava, Slovensk\u00e1 republika I\u010cO: 36064220 alebo sa obr\u00e1ti\u0165 na s\u00fad.<\/p>\n<p>Tieto z\u00e1sady s\u00fa \u00fa\u010dinn\u00e9 od 01.01.2023<\/p>\n<p>[\/vc_column_text][\/vc_column][\/vc_row]<\/p>\n<\/div>","protected":false},"excerpt":{"rendered":"<p>[vc_row][vc_column][vc_column_text] Sme spolo\u010dnos\u0165 Tree Lab s. r. o., Ferdi\u0161a Kostku 3291\/1, 841 05 Bratislava &#8211; mestsk\u00e1 \u010das\u0165 Karlova Ves, I\u010cO: 50218042, Obchodn\u00fd register Okresn\u00e9ho s\u00fadu Bratislava I, oddiel: Sro, vlo\u017eka \u010d. 110116\/B. Prev\u00e1dzkujeme e-shop na webov\u00fdch str\u00e1nkach https:\/\/treelab.eu\/ Pri poskytovan\u00ed na\u0161ich slu\u017eieb a predaji tovaru a\u00a0prev\u00e1dzkovan\u00ed na\u0161ich webov\u00fdch str\u00e1nok sprac\u00favame niektor\u00e9 osobn\u00e9 \u00fadaje. Sprac\u00favanie osobn\u00fdch [&hellip;]<\/p>\n","protected":false},"author":2,"featured_media":0,"parent":0,"menu_order":0,"comment_status":"closed","ping_status":"closed","template":"","meta":{"footnotes":""},"class_list":["post-5096","page","type-page","status-publish","hentry"],"yoast_head":"<!-- This site is optimized with the Yoast SEO plugin v23.4 - https:\/\/yoast.com\/wordpress\/plugins\/seo\/ -->\n<title>Datenschutzbestimmungen | TreeLab.eu<\/title>\n<meta name=\"robots\" content=\"noindex, follow, max-snippet:-1, max-image-preview:large, max-video-preview:-1\" \/>\n<meta property=\"og:locale\" content=\"de_DE\" \/>\n<meta property=\"og:type\" content=\"article\" \/>\n<meta property=\"og:title\" content=\"Datenschutzbestimmungen | TreeLab.eu\" \/>\n<meta property=\"og:description\" content=\"[vc_row][vc_column][vc_column_text] Sme spolo\u010dnos\u0165 Tree Lab s. r. o., Ferdi\u0161a Kostku 3291\/1, 841 05 Bratislava &#8211; mestsk\u00e1 \u010das\u0165 Karlova Ves, I\u010cO: 50218042, Obchodn\u00fd register Okresn\u00e9ho s\u00fadu Bratislava I, oddiel: Sro, vlo\u017eka \u010d. 110116\/B. Prev\u00e1dzkujeme e-shop na webov\u00fdch str\u00e1nkach https:\/\/treelab.eu\/ Pri poskytovan\u00ed na\u0161ich slu\u017eieb a predaji tovaru a\u00a0prev\u00e1dzkovan\u00ed na\u0161ich webov\u00fdch str\u00e1nok sprac\u00favame niektor\u00e9 osobn\u00e9 \u00fadaje. Sprac\u00favanie osobn\u00fdch [&hellip;]\" \/>\n<meta property=\"og:url\" content=\"https:\/\/treelab.eu\/de\/datenschutzbestimmungen\/\" \/>\n<meta property=\"og:site_name\" content=\"TreeLab.eu\" \/>\n<meta property=\"article:modified_time\" content=\"2023-05-18T11:03:49+00:00\" \/>\n<meta name=\"twitter:card\" content=\"summary_large_image\" \/>\n<meta name=\"twitter:label1\" content=\"Gesch\u00e4tzte Lesezeit\" \/>\n\t<meta name=\"twitter:data1\" content=\"3\u00a0Minuten\" \/>\n<script type=\"application\/ld+json\" class=\"yoast-schema-graph\">{\"@context\":\"https:\/\/schema.org\",\"@graph\":[{\"@type\":\"WebPage\",\"@id\":\"https:\/\/treelab.eu\/de\/datenschutzbestimmungen\/\",\"url\":\"https:\/\/treelab.eu\/de\/datenschutzbestimmungen\/\",\"name\":\"Datenschutzbestimmungen | TreeLab.eu\",\"isPartOf\":{\"@id\":\"https:\/\/treelab.eu\/de\/#website\"},\"datePublished\":\"2022-11-29T11:50:00+00:00\",\"dateModified\":\"2023-05-18T11:03:49+00:00\",\"breadcrumb\":{\"@id\":\"https:\/\/treelab.eu\/de\/datenschutzbestimmungen\/#breadcrumb\"},\"inLanguage\":\"de\",\"potentialAction\":[{\"@type\":\"ReadAction\",\"target\":[\"https:\/\/treelab.eu\/de\/datenschutzbestimmungen\/\"]}]},{\"@type\":\"BreadcrumbList\",\"@id\":\"https:\/\/treelab.eu\/de\/datenschutzbestimmungen\/#breadcrumb\",\"itemListElement\":[{\"@type\":\"ListItem\",\"position\":1,\"name\":\"Startseite\",\"item\":\"https:\/\/treelab.eu\/de\/\"},{\"@type\":\"ListItem\",\"position\":2,\"name\":\"Datenschutzbestimmungen\"}]},{\"@type\":\"WebSite\",\"@id\":\"https:\/\/treelab.eu\/de\/#website\",\"url\":\"https:\/\/treelab.eu\/de\/\",\"name\":\"TreeLab.eu\",\"description\":\"Easy does it\",\"publisher\":{\"@id\":\"https:\/\/treelab.eu\/de\/#organization\"},\"potentialAction\":[{\"@type\":\"SearchAction\",\"target\":{\"@type\":\"EntryPoint\",\"urlTemplate\":\"https:\/\/treelab.eu\/de\/?s={search_term_string}\"},\"query-input\":{\"@type\":\"PropertyValueSpecification\",\"valueRequired\":true,\"valueName\":\"search_term_string\"}}],\"inLanguage\":\"de\"},{\"@type\":\"Organization\",\"@id\":\"https:\/\/treelab.eu\/de\/#organization\",\"name\":\"TreeLab s.r.o.\",\"url\":\"https:\/\/treelab.eu\/de\/\",\"logo\":{\"@type\":\"ImageObject\",\"inLanguage\":\"de\",\"@id\":\"https:\/\/treelab.eu\/de\/#\/schema\/logo\/image\/\",\"url\":\"https:\/\/treelab.eu\/wp-content\/uploads\/2023\/01\/TreeLab-logo-email.png\",\"contentUrl\":\"https:\/\/treelab.eu\/wp-content\/uploads\/2023\/01\/TreeLab-logo-email.png\",\"width\":400,\"height\":104,\"caption\":\"TreeLab s.r.o.\"},\"image\":{\"@id\":\"https:\/\/treelab.eu\/de\/#\/schema\/logo\/image\/\"}}]}<\/script>\n<!-- \/ Yoast SEO plugin. -->","yoast_head_json":{"title":"Datenschutzbestimmungen | TreeLab.eu","robots":{"index":"noindex","follow":"follow","max-snippet":"max-snippet:-1","max-image-preview":"max-image-preview:large","max-video-preview":"max-video-preview:-1"},"og_locale":"de_DE","og_type":"article","og_title":"Datenschutzbestimmungen | TreeLab.eu","og_description":"[vc_row][vc_column][vc_column_text] Sme spolo\u010dnos\u0165 Tree Lab s. r. o., Ferdi\u0161a Kostku 3291\/1, 841 05 Bratislava &#8211; mestsk\u00e1 \u010das\u0165 Karlova Ves, I\u010cO: 50218042, Obchodn\u00fd register Okresn\u00e9ho s\u00fadu Bratislava I, oddiel: Sro, vlo\u017eka \u010d. 110116\/B. Prev\u00e1dzkujeme e-shop na webov\u00fdch str\u00e1nkach https:\/\/treelab.eu\/ Pri poskytovan\u00ed na\u0161ich slu\u017eieb a predaji tovaru a\u00a0prev\u00e1dzkovan\u00ed na\u0161ich webov\u00fdch str\u00e1nok sprac\u00favame niektor\u00e9 osobn\u00e9 \u00fadaje. Sprac\u00favanie osobn\u00fdch [&hellip;]","og_url":"https:\/\/treelab.eu\/de\/datenschutzbestimmungen\/","og_site_name":"TreeLab.eu","article_modified_time":"2023-05-18T11:03:49+00:00","twitter_card":"summary_large_image","twitter_misc":{"Gesch\u00e4tzte Lesezeit":"3\u00a0Minuten"},"schema":{"@context":"https:\/\/schema.org","@graph":[{"@type":"WebPage","@id":"https:\/\/treelab.eu\/de\/datenschutzbestimmungen\/","url":"https:\/\/treelab.eu\/de\/datenschutzbestimmungen\/","name":"Datenschutzbestimmungen | TreeLab.eu","isPartOf":{"@id":"https:\/\/treelab.eu\/de\/#website"},"datePublished":"2022-11-29T11:50:00+00:00","dateModified":"2023-05-18T11:03:49+00:00","breadcrumb":{"@id":"https:\/\/treelab.eu\/de\/datenschutzbestimmungen\/#breadcrumb"},"inLanguage":"de","potentialAction":[{"@type":"ReadAction","target":["https:\/\/treelab.eu\/de\/datenschutzbestimmungen\/"]}]},{"@type":"BreadcrumbList","@id":"https:\/\/treelab.eu\/de\/datenschutzbestimmungen\/#breadcrumb","itemListElement":[{"@type":"ListItem","position":1,"name":"Startseite","item":"https:\/\/treelab.eu\/de\/"},{"@type":"ListItem","position":2,"name":"Datenschutzbestimmungen"}]},{"@type":"WebSite","@id":"https:\/\/treelab.eu\/de\/#website","url":"https:\/\/treelab.eu\/de\/","name":"TreeLab.eu","description":"Easy does it","publisher":{"@id":"https:\/\/treelab.eu\/de\/#organization"},"potentialAction":[{"@type":"SearchAction","target":{"@type":"EntryPoint","urlTemplate":"https:\/\/treelab.eu\/de\/?s={search_term_string}"},"query-input":{"@type":"PropertyValueSpecification","valueRequired":true,"valueName":"search_term_string"}}],"inLanguage":"de"},{"@type":"Organization","@id":"https:\/\/treelab.eu\/de\/#organization","name":"TreeLab s.r.o.","url":"https:\/\/treelab.eu\/de\/","logo":{"@type":"ImageObject","inLanguage":"de","@id":"https:\/\/treelab.eu\/de\/#\/schema\/logo\/image\/","url":"https:\/\/treelab.eu\/wp-content\/uploads\/2023\/01\/TreeLab-logo-email.png","contentUrl":"https:\/\/treelab.eu\/wp-content\/uploads\/2023\/01\/TreeLab-logo-email.png","width":400,"height":104,"caption":"TreeLab s.r.o."},"image":{"@id":"https:\/\/treelab.eu\/de\/#\/schema\/logo\/image\/"}}]}},"_links":{"self":[{"href":"https:\/\/treelab.eu\/de\/wp-json\/wp\/v2\/pages\/5096"}],"collection":[{"href":"https:\/\/treelab.eu\/de\/wp-json\/wp\/v2\/pages"}],"about":[{"href":"https:\/\/treelab.eu\/de\/wp-json\/wp\/v2\/types\/page"}],"author":[{"embeddable":true,"href":"https:\/\/treelab.eu\/de\/wp-json\/wp\/v2\/users\/2"}],"replies":[{"embeddable":true,"href":"https:\/\/treelab.eu\/de\/wp-json\/wp\/v2\/comments?post=5096"}],"version-history":[{"count":1,"href":"https:\/\/treelab.eu\/de\/wp-json\/wp\/v2\/pages\/5096\/revisions"}],"predecessor-version":[{"id":5268,"href":"https:\/\/treelab.eu\/de\/wp-json\/wp\/v2\/pages\/5096\/revisions\/5268"}],"wp:attachment":[{"href":"https:\/\/treelab.eu\/de\/wp-json\/wp\/v2\/media?parent=5096"}],"curies":[{"name":"wp","href":"https:\/\/api.w.org\/{rel}","templated":true}]}}