{"id":5103,"date":"2022-12-05T08:00:58","date_gmt":"2022-12-05T07:00:58","guid":{"rendered":"https:\/\/treelab.eu\/kontakt\/"},"modified":"2024-09-11T13:28:02","modified_gmt":"2024-09-11T11:28:02","slug":"kontakt","status":"publish","type":"page","link":"https:\/\/treelab.eu\/de\/kontakt\/","title":{"rendered":"Kontakt"},"content":{"rendered":"<div class=\"wpb-content-wrapper\"><p>[vc_section top_divider_type=&#8220;waves&#8220; top_divider_invert=&#8220;true&#8220; top_divider_color=&#8220;#ffffff&#8220; conditional_render=&#8220;%5B%7B%22value_role%22%3A%22administrator%22%7D%5D&#8220;][vc_row wrap_container=&#8220;yes&#8220; conditional_render=&#8220;%5B%7B%22value_role%22%3A%22administrator%22%7D%5D&#8220; css=&#8220;.vc_custom_1670317810035{margin-top: 80px !important;}&#8220;][vc_column width=&#8220;1\/2&#8243;][vc_single_image image=&#8220;5063&#8243; img_size=&#8220;200&#215;0&#8243;][vc_column_text]TreeLab wurde 2016 von einer Gruppe von Ingenieuren gegr\u00fcndet, die beweisen wollten, dass Technologien, die menschliche Probleme ansprechen, einfach zu bedienen und gleichzeitig erschwinglich sein k\u00f6nnen. Wir sind ein junges Unternehmen mit gro\u00dfen Zielen. Jedes unserer Produkte tr\u00e4gt zu einem ges\u00fcnderen, komfortableren und umweltfreundlicheren Leben bei.[\/vc_column_text][vc_separator color=&#8220;custom&#8220; gradient=&#8220;yes&#8220;]<div class=\"porto-u-heading  wpb_custom_95aa9a11c17ad45cfabaf210d84ee7cc porto-u-9586 \"><div class=\"porto-u-main-heading\"><h3  >Unternehmenssitz:<\/h3><\/div><style>.porto-u-9586.porto-u-heading{text-align:left}<\/style><\/div><div class=\"porto-sicon-box  wpb_custom_f9b5c9c93b977e13eb879b1459ba8989 style_1 left-icon\"><div class=\"porto-sicon-left\"><div class=\"porto-just-icon-wrapper porto-icon circle\" style=\"color:#ffffff;background:#00a5d3;font-size:14px;\"><i class=\"fas fa-map-marker-alt\"><\/i><\/div><\/div><div class=\"porto-sicon-body\"><div class=\"porto-sicon-header\"><h4 class=\"porto-sicon-title\" style=\"font-size:14px;\"><strong>Adresse:<\/strong><\/h4><\/div> <!-- header --><div class=\"porto-sicon-description\" style=\"color:#c9c9c9;\"><strong>Ferdi\u0161a Kostku 1, Bratislava, Slovakia<\/strong><\/div> <!-- description --><\/div><\/div><!-- porto-sicon-box --><div class=\"porto-sicon-box  wpb_custom_f9b5c9c93b977e13eb879b1459ba8989 style_1 left-icon\"><div class=\"porto-sicon-left\"><div class=\"porto-just-icon-wrapper porto-icon circle\" style=\"color:#ffffff;background:#00a5d3;font-size:14px;\"><i class=\"fas fa-phone\"><\/i><\/div><\/div><div class=\"porto-sicon-body\"><div class=\"porto-sicon-header\"><h4 class=\"porto-sicon-title\" style=\"font-size:14px;\"><strong>Telefonnummer:<\/strong><\/h4><\/div> <!-- header --><div class=\"porto-sicon-description\" style=\"\"><strong><a href=\"tel:+421221011906\">+421 221 011 906<\/a><\/strong><\/div> <!-- description --><\/div><\/div><!-- porto-sicon-box --><div class=\"porto-sicon-box  wpb_custom_f9b5c9c93b977e13eb879b1459ba8989 style_1 left-icon\"><div class=\"porto-sicon-left\"><div class=\"porto-just-icon-wrapper porto-icon circle\" style=\"color:#ffffff;background:#00a5d3;font-size:14px;\"><i class=\"far fa-envelope\"><\/i><\/div><\/div><div class=\"porto-sicon-body\"><div class=\"porto-sicon-header\"><h4 class=\"porto-sicon-title\" style=\"font-size:14px;\"><strong>E-mail:<\/strong><\/h4><\/div> <!-- header --><div class=\"porto-sicon-description\" style=\"\"><strong><a href=\"mailto:hi@treelab.sk\">hi@treelab.sk<\/a><\/strong><\/div> <!-- description --><\/div><\/div><!-- porto-sicon-box -->[vc_column_text]Unter dieser Adresse befinden sich sowohl unser Hauptsitz als auch unsere B\u00fcros, jedoch m\u00fcssen Treffen im Voraus unter <a href=\"mailto:info@treelab.eu\">info@treelab.eu<\/a> vereinbart werden.[\/vc_column_text][\/vc_column][vc_column width=&#8220;1\/2&#8243; css=&#8220;.vc_custom_1672232852125{margin-top: 40px !important;}&#8220; conditional_render=&#8220;%5B%7B%22value_role%22%3A%22administrator%22%7D%5D&#8220;]\n<div class=\"wpcf7 no-js\" id=\"wpcf7-f5411-o1\" lang=\"de-DE\" dir=\"ltr\">\n<div class=\"screen-reader-response\"><p role=\"status\" aria-live=\"polite\" aria-atomic=\"true\"><\/p> <ul><\/ul><\/div>\n<form action=\"\/de\/wp-json\/wp\/v2\/pages\/5103#wpcf7-f5411-o1\" method=\"post\" class=\"wpcf7-form init\" aria-label=\"Kontaktformular\" novalidate=\"novalidate\" data-status=\"init\">\n<div style=\"display: none;\">\n<input type=\"hidden\" name=\"_wpcf7\" value=\"5411\" \/>\n<input type=\"hidden\" name=\"_wpcf7_version\" value=\"5.9.8\" \/>\n<input type=\"hidden\" name=\"_wpcf7_locale\" value=\"de_DE\" \/>\n<input type=\"hidden\" name=\"_wpcf7_unit_tag\" value=\"wpcf7-f5411-o1\" \/>\n<input type=\"hidden\" name=\"_wpcf7_container_post\" value=\"0\" \/>\n<input type=\"hidden\" name=\"_wpcf7_posted_data_hash\" value=\"\" \/>\n<input type=\"hidden\" name=\"_wpcf7_recaptcha_response\" value=\"\" \/>\n<\/div>\n<h3 class=\"short\"><strong>Kontaktiere uns<\/strong><\/h3>\n<div class=\"row\">\n    <div class=\"col-lg-6\">\n        <div class=\"form-group\">\n            <label for=\"contact-name\">Name *<\/label>\n            <span class=\"wpcf7-form-control-wrap\" data-name=\"your-name\"><input size=\"40\" maxlength=\"400\" class=\"wpcf7-form-control wpcf7-text wpcf7-validates-as-required form-control\" id=\"contact-name\" aria-required=\"true\" aria-invalid=\"false\" value=\"\" type=\"text\" name=\"your-name\" \/><\/span>\n        <\/div>\n    <\/div>\n    <div class=\"col-lg-6\">\n        <div class=\"form-group\">\n            <label for=\"contact-email\">E-mail *<\/label>\n            <span class=\"wpcf7-form-control-wrap\" data-name=\"your-email\"><input size=\"40\" maxlength=\"400\" class=\"wpcf7-form-control wpcf7-email wpcf7-validates-as-required wpcf7-text wpcf7-validates-as-email form-control\" id=\"contact-email\" aria-required=\"true\" aria-invalid=\"false\" value=\"\" type=\"email\" name=\"your-email\" \/><\/span>\n        <\/div>\n    <\/div>\n    <div class=\"col-lg-12\">\n        <div class=\"form-group\">\n            <label for=\"contact-subject\">Thema<\/label>\n            <span class=\"wpcf7-form-control-wrap\" data-name=\"your-subject\"><input size=\"40\" maxlength=\"400\" class=\"wpcf7-form-control wpcf7-text form-control\" id=\"contact-subject\" aria-invalid=\"false\" value=\"\" type=\"text\" name=\"your-subject\" \/><\/span>\n        <\/div>\n    <\/div>\n    <div class=\"col-lg-12\">\n        <div class=\"form-group\">\n            <label for=\"contact-message\">Ihre Nachricht *<\/label>\n            <span class=\"wpcf7-form-control-wrap\" data-name=\"your-message\"><textarea cols=\"40\" rows=\"10\" maxlength=\"2000\" class=\"wpcf7-form-control wpcf7-textarea wpcf7-validates-as-required form-control\" id=\"contact-message\" aria-required=\"true\" aria-invalid=\"false\" name=\"your-message\"><\/textarea><\/span>\n        <\/div>\n    <\/div>\n    <div class=\"col-lg-12\">\n        <div class=\"form-group\">\n            <input class=\"wpcf7-form-control wpcf7-submit has-spinner btn btn-primary btn-lg\" type=\"submit\" value=\"Senden\" \/>\n        <\/div>\n    <\/div>\n<\/div><p style=\"display: none !important;\" class=\"akismet-fields-container\" data-prefix=\"_wpcf7_ak_\"><label>&#916;<textarea name=\"_wpcf7_ak_hp_textarea\" cols=\"45\" rows=\"8\" maxlength=\"100\"><\/textarea><\/label><input type=\"hidden\" id=\"ak_js_1\" name=\"_wpcf7_ak_js\" value=\"141\"\/><script>document.getElementById( \"ak_js_1\" ).setAttribute( \"value\", ( new Date() ).getTime() );<\/script><\/p><div class=\"wpcf7-response-output\" aria-hidden=\"true\"><\/div>\n<\/form>\n<\/div>\n[\/vc_column][\/vc_row][vc_row wrap_container=&#8220;yes&#8220; conditional_render=&#8220;%5B%7B%22value_role%22%3A%22administrator%22%7D%5D&#8220;][vc_column offset=&#8220;vc_col-xs-12&#8243; conditional_render=&#8220;%5B%7B%22value_role%22%3A%22administrator%22%7D%5D&#8220;][vc_separator color=&#8220;custom&#8220; gradient=&#8220;yes&#8220;]<div class=\"porto-u-heading  wpb_custom_95aa9a11c17ad45cfabaf210d84ee7cc porto-u-2200 \"><div class=\"porto-u-main-heading\"><h3  >Kontakt zu unseren Abteilungen:<\/h3><\/div><style>.porto-u-2200.porto-u-heading{text-align:left}<\/style><\/div>[vc_row_inner][vc_column_inner width=&#8220;1\/2&#8243; offset=&#8220;vc_col-xl-3 vc_col-lg-3 vc_col-md-6 vc_col-xs-12&#8243;]<div class=\"porto-sicon-box  wpb_custom_f9b5c9c93b977e13eb879b1459ba8989 style_1 left-icon\"><div class=\"porto-sicon-left\"><div class=\"porto-just-icon-wrapper porto-icon circle\" style=\"color:#ffffff;background:#00a5d3;font-size:14px;\"><i class=\"far fa-envelope\"><\/i><\/div><\/div><div class=\"porto-sicon-body\"><div class=\"porto-sicon-header\"><h4 class=\"porto-sicon-title\" style=\"font-size:14px;\"><strong>Brauchen Sie Hilfe?<\/strong><\/h4><\/div> <!-- header --><div class=\"porto-sicon-description\" style=\"\"><a href=\"mailto:support@treelab.sk\">support@treelab.sk<\/a><\/div> <!-- description --><\/div><\/div><!-- porto-sicon-box -->[\/vc_column_inner][vc_column_inner width=&#8220;1\/2&#8243; offset=&#8220;vc_col-xl-3 vc_col-lg-3 vc_col-md-6 vc_col-xs-12&#8243;]<div class=\"porto-sicon-box  wpb_custom_f9b5c9c93b977e13eb879b1459ba8989 style_1 left-icon\"><div class=\"porto-sicon-left\"><div class=\"porto-just-icon-wrapper porto-icon circle\" style=\"color:#ffffff;background:#00a5d3;font-size:14px;\"><i class=\"far fa-envelope\"><\/i><\/div><\/div><div class=\"porto-sicon-body\"><div class=\"porto-sicon-header\"><h4 class=\"porto-sicon-title\" style=\"font-size:14px;\"><strong>Partnerschaft - wir suchen Partner<\/strong><\/h4><\/div> <!-- header --><div class=\"porto-sicon-description\" style=\"\"><a href=\"mailto:b2b@treelab.sk\">b2b@treelab.sk<\/a><\/div> <!-- description --><\/div><\/div><!-- porto-sicon-box -->[\/vc_column_inner][vc_column_inner width=&#8220;1\/2&#8243; offset=&#8220;vc_col-xl-3 vc_col-lg-3 vc_col-md-6 vc_col-xs-12&#8243;]<div class=\"porto-sicon-box  wpb_custom_f9b5c9c93b977e13eb879b1459ba8989 style_1 left-icon\"><div class=\"porto-sicon-left\"><div class=\"porto-just-icon-wrapper porto-icon circle\" style=\"color:#ffffff;background:#00a5d3;font-size:14px;\"><i class=\"far fa-envelope\"><\/i><\/div><\/div><div class=\"porto-sicon-body\"><div class=\"porto-sicon-header\"><h4 class=\"porto-sicon-title\" style=\"font-size:14px;\"><strong>Kontaktieren Sie unseren Direktor<\/strong><\/h4><\/div> <!-- header --><div class=\"porto-sicon-description\" style=\"\"><a href=\"mailto:ceo@treelab.sk\">ceo@treelab.sk<\/a><\/div> <!-- description --><\/div><\/div><!-- porto-sicon-box -->[\/vc_column_inner][vc_column_inner width=&#8220;1\/2&#8243; offset=&#8220;vc_col-xl-3 vc_col-lg-3 vc_col-md-6 vc_col-xs-12&#8243;]<div class=\"porto-sicon-box  wpb_custom_f9b5c9c93b977e13eb879b1459ba8989 style_1 left-icon\"><div class=\"porto-sicon-left\"><div class=\"porto-just-icon-wrapper porto-icon circle\" style=\"color:#ffffff;background:#00a5d3;font-size:14px;\"><i class=\"far fa-envelope\"><\/i><\/div><\/div><div class=\"porto-sicon-body\"><div class=\"porto-sicon-header\"><h4 class=\"porto-sicon-title\" style=\"font-size:14px;\"><strong>Reklamationen<\/strong><\/h4><\/div> <!-- header --><div class=\"porto-sicon-description\" style=\"\"><a href=\"mailto:reklamacie@treelab.sk\">reklamacie@treelab.sk<\/a><\/div> <!-- description --><\/div><\/div><!-- porto-sicon-box -->[\/vc_column_inner][\/vc_row_inner][vc_separator color=&#8220;custom&#8220; gradient=&#8220;yes&#8220;]<div class=\"porto-u-heading  wpb_custom_8857f1e1e32f542fc792239c535431fa porto-u-2426 \"><div class=\"porto-u-main-heading\"><h2  >Rechnungsdetails:<\/h2><\/div><style>.porto-u-2426.porto-u-heading{text-align:left}<\/style><\/div>[vc_row_inner][vc_column_inner width=&#8220;1\/2&#8243;][vc_column_text css=&#8220;&#8220;]<\/p>\n<div><strong>TreeLab O\u00dc<\/strong><\/div>\n<div>Harju maakond,<\/div>\n<div>Tallinn, Kesklinna linnaosa,<\/div>\n<div>Tornim\u00e4e tn 5, 10145,<\/div>\n<div>Estonia<\/div>\n<div><\/div>\n<div><strong>Registry Code:<\/strong> 17063252<\/div>\n<p>[\/vc_column_text][\/vc_column_inner][vc_column_inner width=&#8220;1\/2&#8243;][\/vc_column_inner][\/vc_row_inner][\/vc_column][\/vc_row][vc_row wrap_container=&#8220;yes&#8220; conditional_render=&#8220;%5B%7B%22value_role%22%3A%22administrator%22%7D%5D&#8220;][vc_column offset=&#8220;vc_col-xs-12&#8243; conditional_render=&#8220;%5B%7B%22value_role%22%3A%22administrator%22%7D%5D&#8220;][vc_raw_html]JTNDaWZyYW1lJTIwc3R5bGUlM0QlMjJib3JkZXIlM0ElMjAwJTNCJTIyJTIwc3JjJTNEJTIyaHR0cHMlM0ElMkYlMkZ3d3cuZ29vZ2xlLmNvbSUyRm1hcHMlMkZlbWJlZCUzRnBiJTNEJTIxMW0xOCUyMTFtMTIlMjExbTMlMjExZDU5OS43NzE3NzMxNTI1MDI0JTIxMmQxNy4wNDk5MzU1NzY1NTc4ODUlMjEzZDQ4LjE1NjkwMDAwMDczODA1NSUyMTJtMyUyMTFmMCUyMTJmMCUyMTNmMCUyMTNtMiUyMTFpMTAyNCUyMTJpNzY4JTIxNGYxMy4xJTIxM20zJTIxMW0yJTIxMXMweDQ3NmM4YjVmZWQxMWQ3MzklMjUzQTB4MzJkOTNhODkyZjQ5NmEyMyUyMTJzRmVyZGklMjVDNSUyNUExYSUyNTIwS29zdGt1JTI1MjAxJTI1MkMlMjUyMDg0MSUyNTIwMDQlMjUyMEthcmxvdmElMjUyMFZlcyUyMTVlMSUyMTNtMiUyMTFzc2slMjEyc3NrJTIxNHYxNjcwMjQ2NTY1NDI0JTIxNW0yJTIxMXNzayUyMTJzc2slMjIlMjB3aWR0aCUzRCUyMjEwMCUyNSUyMiUyMGhlaWdodCUzRCUyMjQwMCUyMiUyMGFsbG93ZnVsbHNjcmVlbiUzRCUyMmFsbG93ZnVsbHNjcmVlbiUyMiUzRSUzQyUyRmlmcmFtZSUzRQ==[\/vc_raw_html][\/vc_column][\/vc_row][\/vc_section]<\/p>\n<\/div>","protected":false},"excerpt":{"rendered":"<p>[vc_section top_divider_type=&#8220;waves&#8220; top_divider_invert=&#8220;true&#8220; top_divider_color=&#8220;#ffffff&#8220; conditional_render=&#8220;%5B%7B%22value_role%22%3A%22administrator%22%7D%5D&#8220;][vc_row wrap_container=&#8220;yes&#8220; conditional_render=&#8220;%5B%7B%22value_role%22%3A%22administrator%22%7D%5D&#8220; css=&#8220;.vc_custom_1670317810035{margin-top: 80px !important;}&#8220;][vc_column width=&#8220;1\/2&#8243;][vc_single_image image=&#8220;5063&#8243; img_size=&#8220;200&#215;0&#8243;][vc_column_text]TreeLab wurde 2016 von einer Gruppe von Ingenieuren gegr\u00fcndet, die beweisen wollten, dass Technologien, die menschliche Probleme ansprechen, einfach zu bedienen und gleichzeitig erschwinglich sein k\u00f6nnen. Wir sind ein junges Unternehmen mit gro\u00dfen Zielen. Jedes unserer Produkte tr\u00e4gt zu einem ges\u00fcnderen, komfortableren und [&hellip;]<\/p>\n","protected":false},"author":2,"featured_media":0,"parent":0,"menu_order":0,"comment_status":"closed","ping_status":"closed","template":"","meta":{"footnotes":""},"class_list":["post-5103","page","type-page","status-publish","hentry"],"yoast_head":"<!-- This site is optimized with the Yoast SEO plugin v23.4 - https:\/\/yoast.com\/wordpress\/plugins\/seo\/ -->\n<title>Kontakt | TreeLab.eu<\/title>\n<meta name=\"description\" content=\"Kontaktujte n\u00e1s mailom cez formul\u00e1r alebo priamo na telef\u00f3nne \u010d\u00edslo. N\u00e1jdete tu kontakt na na\u0161e TreeLab oddelenia.\" \/>\n<meta name=\"robots\" content=\"noindex, follow, max-snippet:-1, max-image-preview:large, max-video-preview:-1\" \/>\n<meta property=\"og:locale\" content=\"de_DE\" \/>\n<meta property=\"og:type\" content=\"article\" \/>\n<meta property=\"og:title\" content=\"Kontakt | TreeLab.eu\" \/>\n<meta property=\"og:description\" content=\"Kontaktujte n\u00e1s mailom cez formul\u00e1r alebo priamo na telef\u00f3nne \u010d\u00edslo. N\u00e1jdete tu kontakt na na\u0161e TreeLab oddelenia.\" \/>\n<meta property=\"og:url\" content=\"https:\/\/treelab.eu\/de\/kontakt\/\" \/>\n<meta property=\"og:site_name\" content=\"TreeLab.eu\" \/>\n<meta property=\"article:modified_time\" content=\"2024-09-11T11:28:02+00:00\" \/>\n<meta name=\"twitter:card\" content=\"summary_large_image\" \/>\n<meta name=\"twitter:label1\" content=\"Gesch\u00e4tzte Lesezeit\" \/>\n\t<meta name=\"twitter:data1\" content=\"2\u00a0Minuten\" \/>\n<script type=\"application\/ld+json\" class=\"yoast-schema-graph\">{\"@context\":\"https:\/\/schema.org\",\"@graph\":[{\"@type\":\"WebPage\",\"@id\":\"https:\/\/treelab.eu\/de\/kontakt\/\",\"url\":\"https:\/\/treelab.eu\/de\/kontakt\/\",\"name\":\"Kontakt | TreeLab.eu\",\"isPartOf\":{\"@id\":\"https:\/\/treelab.eu\/de\/#website\"},\"datePublished\":\"2022-12-05T07:00:58+00:00\",\"dateModified\":\"2024-09-11T11:28:02+00:00\",\"description\":\"Kontaktujte n\u00e1s mailom cez formul\u00e1r alebo priamo na telef\u00f3nne \u010d\u00edslo. N\u00e1jdete tu kontakt na na\u0161e TreeLab oddelenia.\",\"breadcrumb\":{\"@id\":\"https:\/\/treelab.eu\/de\/kontakt\/#breadcrumb\"},\"inLanguage\":\"de\",\"potentialAction\":[{\"@type\":\"ReadAction\",\"target\":[\"https:\/\/treelab.eu\/de\/kontakt\/\"]}]},{\"@type\":\"BreadcrumbList\",\"@id\":\"https:\/\/treelab.eu\/de\/kontakt\/#breadcrumb\",\"itemListElement\":[{\"@type\":\"ListItem\",\"position\":1,\"name\":\"Startseite\",\"item\":\"https:\/\/treelab.eu\/de\/\"},{\"@type\":\"ListItem\",\"position\":2,\"name\":\"Kontakt\"}]},{\"@type\":\"WebSite\",\"@id\":\"https:\/\/treelab.eu\/de\/#website\",\"url\":\"https:\/\/treelab.eu\/de\/\",\"name\":\"TreeLab.eu\",\"description\":\"Easy does it\",\"publisher\":{\"@id\":\"https:\/\/treelab.eu\/de\/#organization\"},\"potentialAction\":[{\"@type\":\"SearchAction\",\"target\":{\"@type\":\"EntryPoint\",\"urlTemplate\":\"https:\/\/treelab.eu\/de\/?s={search_term_string}\"},\"query-input\":{\"@type\":\"PropertyValueSpecification\",\"valueRequired\":true,\"valueName\":\"search_term_string\"}}],\"inLanguage\":\"de\"},{\"@type\":\"Organization\",\"@id\":\"https:\/\/treelab.eu\/de\/#organization\",\"name\":\"TreeLab s.r.o.\",\"url\":\"https:\/\/treelab.eu\/de\/\",\"logo\":{\"@type\":\"ImageObject\",\"inLanguage\":\"de\",\"@id\":\"https:\/\/treelab.eu\/de\/#\/schema\/logo\/image\/\",\"url\":\"https:\/\/treelab.eu\/wp-content\/uploads\/2023\/01\/TreeLab-logo-email.png\",\"contentUrl\":\"https:\/\/treelab.eu\/wp-content\/uploads\/2023\/01\/TreeLab-logo-email.png\",\"width\":400,\"height\":104,\"caption\":\"TreeLab s.r.o.\"},\"image\":{\"@id\":\"https:\/\/treelab.eu\/de\/#\/schema\/logo\/image\/\"}}]}<\/script>\n<!-- \/ Yoast SEO plugin. -->","yoast_head_json":{"title":"Kontakt | TreeLab.eu","description":"Kontaktujte n\u00e1s mailom cez formul\u00e1r alebo priamo na telef\u00f3nne \u010d\u00edslo. N\u00e1jdete tu kontakt na na\u0161e TreeLab oddelenia.","robots":{"index":"noindex","follow":"follow","max-snippet":"max-snippet:-1","max-image-preview":"max-image-preview:large","max-video-preview":"max-video-preview:-1"},"og_locale":"de_DE","og_type":"article","og_title":"Kontakt | TreeLab.eu","og_description":"Kontaktujte n\u00e1s mailom cez formul\u00e1r alebo priamo na telef\u00f3nne \u010d\u00edslo. N\u00e1jdete tu kontakt na na\u0161e TreeLab oddelenia.","og_url":"https:\/\/treelab.eu\/de\/kontakt\/","og_site_name":"TreeLab.eu","article_modified_time":"2024-09-11T11:28:02+00:00","twitter_card":"summary_large_image","twitter_misc":{"Gesch\u00e4tzte Lesezeit":"2\u00a0Minuten"},"schema":{"@context":"https:\/\/schema.org","@graph":[{"@type":"WebPage","@id":"https:\/\/treelab.eu\/de\/kontakt\/","url":"https:\/\/treelab.eu\/de\/kontakt\/","name":"Kontakt | TreeLab.eu","isPartOf":{"@id":"https:\/\/treelab.eu\/de\/#website"},"datePublished":"2022-12-05T07:00:58+00:00","dateModified":"2024-09-11T11:28:02+00:00","description":"Kontaktujte n\u00e1s mailom cez formul\u00e1r alebo priamo na telef\u00f3nne \u010d\u00edslo. N\u00e1jdete tu kontakt na na\u0161e TreeLab oddelenia.","breadcrumb":{"@id":"https:\/\/treelab.eu\/de\/kontakt\/#breadcrumb"},"inLanguage":"de","potentialAction":[{"@type":"ReadAction","target":["https:\/\/treelab.eu\/de\/kontakt\/"]}]},{"@type":"BreadcrumbList","@id":"https:\/\/treelab.eu\/de\/kontakt\/#breadcrumb","itemListElement":[{"@type":"ListItem","position":1,"name":"Startseite","item":"https:\/\/treelab.eu\/de\/"},{"@type":"ListItem","position":2,"name":"Kontakt"}]},{"@type":"WebSite","@id":"https:\/\/treelab.eu\/de\/#website","url":"https:\/\/treelab.eu\/de\/","name":"TreeLab.eu","description":"Easy does it","publisher":{"@id":"https:\/\/treelab.eu\/de\/#organization"},"potentialAction":[{"@type":"SearchAction","target":{"@type":"EntryPoint","urlTemplate":"https:\/\/treelab.eu\/de\/?s={search_term_string}"},"query-input":{"@type":"PropertyValueSpecification","valueRequired":true,"valueName":"search_term_string"}}],"inLanguage":"de"},{"@type":"Organization","@id":"https:\/\/treelab.eu\/de\/#organization","name":"TreeLab s.r.o.","url":"https:\/\/treelab.eu\/de\/","logo":{"@type":"ImageObject","inLanguage":"de","@id":"https:\/\/treelab.eu\/de\/#\/schema\/logo\/image\/","url":"https:\/\/treelab.eu\/wp-content\/uploads\/2023\/01\/TreeLab-logo-email.png","contentUrl":"https:\/\/treelab.eu\/wp-content\/uploads\/2023\/01\/TreeLab-logo-email.png","width":400,"height":104,"caption":"TreeLab s.r.o."},"image":{"@id":"https:\/\/treelab.eu\/de\/#\/schema\/logo\/image\/"}}]}},"_links":{"self":[{"href":"https:\/\/treelab.eu\/de\/wp-json\/wp\/v2\/pages\/5103"}],"collection":[{"href":"https:\/\/treelab.eu\/de\/wp-json\/wp\/v2\/pages"}],"about":[{"href":"https:\/\/treelab.eu\/de\/wp-json\/wp\/v2\/types\/page"}],"author":[{"embeddable":true,"href":"https:\/\/treelab.eu\/de\/wp-json\/wp\/v2\/users\/2"}],"replies":[{"embeddable":true,"href":"https:\/\/treelab.eu\/de\/wp-json\/wp\/v2\/comments?post=5103"}],"version-history":[{"count":6,"href":"https:\/\/treelab.eu\/de\/wp-json\/wp\/v2\/pages\/5103\/revisions"}],"predecessor-version":[{"id":5555,"href":"https:\/\/treelab.eu\/de\/wp-json\/wp\/v2\/pages\/5103\/revisions\/5555"}],"wp:attachment":[{"href":"https:\/\/treelab.eu\/de\/wp-json\/wp\/v2\/media?parent=5103"}],"curies":[{"name":"wp","href":"https:\/\/api.w.org\/{rel}","templated":true}]}}