{"id":5114,"date":"2022-12-05T13:00:01","date_gmt":"2022-12-05T12:00:01","guid":{"rendered":"https:\/\/treelab.eu\/shop\/waterit\/"},"modified":"2023-08-22T18:44:56","modified_gmt":"2023-08-22T16:44:56","slug":"hydraflora","status":"publish","type":"product","link":"https:\/\/treelab.eu\/de\/geschaft\/hydraflora\/","title":{"rendered":"HydraFlora"},"content":{"rendered":"<div class=\"wpb-content-wrapper\"><p><span style=\"vertical-align: inherit;\"><span style=\"vertical-align: inherit;\">[vc_row][vc_column][vc_column_text] <\/span><\/span><strong><span style=\"vertical-align: inherit;\"><span style=\"vertical-align: inherit;\">Treffen Sie HydraFlora \u2013 Die ultimative L\u00f6sung f\u00fcr m\u00fchelose Pflanzenpflege<\/span><\/span><\/strong><\/p>\n<p><span style=\"vertical-align: inherit;\"><span style=\"vertical-align: inherit;\">Willkommen in der Zukunft der Pflanzenpflege. <\/span><span style=\"vertical-align: inherit;\">HydraFlora je revol\u00facia, sol\u00e1rne zariadenia, syst\u00e9m selbstbew\u00e4sserndes, jeho \u017eivot a zdravie. <\/span><span style=\"vertical-align: inherit;\">Unser inov\u00e1cie Ger\u00e4t bew\u00e4ssert Ihre Pflanzen automatisch, benachrichtigt Sie, wenn es Zeit ist, nachzuf\u00fcllen, und macht Ihre Pflanzenpflegeroutine m\u00fchelos und sorgenfrei.<\/span><\/span><\/p>\n<p><span style=\"vertical-align: inherit;\"><span style=\"vertical-align: inherit;\">Mit einer Liebe zu Pflanzen and Nachhaltigkeit im Hinterkopf, ist HydraFlora eine beeindruckende Mischung aus Form and Funktion, die sicherstellt, dass Ihre Pflanzen die Pflege erhalten, die sie ben\u00f6tigen, whr\u00e4erschhauseert sie<\/span><\/span><\/p>\n<hr \/>\n<p><strong><span style=\"vertical-align: inherit;\"><span style=\"vertical-align: inherit;\">Hauptmerkmale:<\/span><\/span><\/strong><\/p>\n<ul>\n<li><strong><span style=\"vertical-align: inherit;\"><span style=\"vertical-align: inherit;\">Automatisierte Bew\u00e4sserung:<\/span><\/span><\/strong><span style=\"vertical-align: inherit;\"><span style=\"vertical-align: inherit;\"> HydraFlora eliminiert das R\u00e4tselraten bei der Bew\u00e4sserung. <\/span><span style=\"vertical-align: inherit;\">Es versorgt Ihre Pflanzen automatisch mit der perfekten Menge Wasser und Sorgt daf\u00fcr, dass sie gedeihen und wachsen.<\/span><\/span><\/li>\n<li><strong><span style=\"vertical-align: inherit;\"><span style=\"vertical-align: inherit;\">Solarbetrieben:<\/span><\/span><\/strong><span style=\"vertical-align: inherit;\"><span style=\"vertical-align: inherit;\"> Mit der Kraft der Sonne ist HydraFlora eine echte green L\u00f6sung. <\/span><span style=\"vertical-align: inherit;\">Es l\u00e4dt sich tags\u00fcber auf und h\u00e4lt Ihre Pflanzen hydratisiert, ohne zus\u00e4tzlichen Strom zu verbrauchen.<\/span><\/span><\/li>\n<li><strong><span style=\"vertical-align: inherit;\"><span style=\"vertical-align: inherit;\">Nachf\u00fcll-Alarme:<\/span><\/span><\/strong><span style=\"vertical-align: inherit;\"><span style=\"vertical-align: inherit;\"> Sorgen Sich nie wieder darum, dass Sie vergessen, Ihr Bew\u00e4sserungssystem nachzuf\u00fcllen. <\/span><span style=\"vertical-align: inherit;\">Inteligentn\u00fd LED-Anzeige leuchtet od spolo\u010dnosti HydraFlora, ktor\u00fd je zn\u00e1my ako \u010das na um\u00fdvanie riadu.<\/span><\/span><\/li>\n<li><strong><span style=\"vertical-align: inherit;\"><span style=\"vertical-align: inherit;\">Schickes Design:<\/span><\/span><\/strong><span style=\"vertical-align: inherit;\"><span style=\"vertical-align: inherit;\"> Entworfen, um nahtlos in Ihre Wohnkultur einzuf\u00fcgen, f\u00fcgt HydraFlora schlankes und modernes Design Ihrer Indoor-Gartenanlage eine von Eleganz hinzu.<\/span><\/span><\/li>\n<\/ul>\n<p><span style=\"vertical-align: inherit;\"><span style=\"vertical-align: inherit;\"><span style=\"vertical-align: inherit;\"><span style=\"vertical-align: inherit;\">[\/vc_column_text][\/vc_column][\/vc_row]<\/span><\/span><\/span><\/span><\/p>\n<\/div>","protected":false},"excerpt":{"rendered":"<p><span style=\"vertical-align: inherit;\"><span style=\"vertical-align: inherit;\"><span style=\"vertical-align: inherit;\"><span style=\"vertical-align: inherit;\">Erleben Sie die Freude an m\u00fcheloser Pflanzenpflege mit HydraFlora, dem solarbetriebenen, selbstbew\u00e4ssernden System. <\/span><\/span><\/span><span style=\"vertical-align: inherit;\"><span style=\"vertical-align: inherit;\"><span style=\"vertical-align: inherit;\">Sein schlankes Design a smarte LED-Benachrichtigungen versch\u00f6nern nicht nur Ihr Zuhause, sondern sorgen auch daf\u00fcr, dass Ihre Pflanzen gedeihen. <\/span><\/span><\/span><span style=\"vertical-align: inherit;\"><span style=\"vertical-align: inherit;\"><span style=\"vertical-align: inherit;\">Verwandeln Sie Ihre Pflanzenpflegeroutine mit HydraFlora heute in ein sorgenfreies, umweltfreundliches Erlebnis!<\/span><\/span><\/span><\/span><\/p>\n","protected":false},"featured_media":5091,"template":"","meta":[],"product_cat":[],"product_tag":[199,200,186,203,201,196,195,197,198],"class_list":{"0":"post-5114","1":"product","2":"type-product","3":"status-publish","4":"has-post-thumbnail","6":"product_tag-gartenarbeit","7":"product_tag-gruene-technologie","8":"product_tag-hydraflora-de","9":"product_tag-innovation","10":"product_tag-nachhaltiges-leben","11":"product_tag-pflanzenpflege","12":"product_tag-solarbetrieben","13":"product_tag-umweltfreundlich","14":"product_tag-wohnkultur","16":"first","17":"instock","18":"taxable","19":"shipping-taxable","20":"purchasable","21":"product-type-variable"},"yoast_head":"<!-- This site is optimized with the Yoast SEO plugin v23.4 - https:\/\/yoast.com\/wordpress\/plugins\/seo\/ -->\n<title>HydraFlora: Solarbetriebenes Selbstbew\u00e4sserungssystem<\/title>\n<meta name=\"description\" content=\"Erleben Sie m\u00fchelose Pflanzenpflege mit HydraFlora, dem solarbetriebenen Selbstbew\u00e4sserungssystem. Jetzt kaufen!\" \/>\n<meta name=\"robots\" content=\"noindex, follow, max-snippet:-1, max-image-preview:large, max-video-preview:-1\" \/>\n<meta property=\"og:locale\" content=\"de_DE\" \/>\n<meta property=\"og:type\" content=\"article\" \/>\n<meta property=\"og:title\" content=\"HydraFlora: Solarbetriebenes Selbstbew\u00e4sserungssystem\" \/>\n<meta property=\"og:description\" content=\"Erleben Sie m\u00fchelose Pflanzenpflege mit HydraFlora, dem solarbetriebenen Selbstbew\u00e4sserungssystem. Jetzt kaufen!\" \/>\n<meta property=\"og:url\" content=\"https:\/\/treelab.eu\/de\/geschaft\/hydraflora\/\" \/>\n<meta property=\"og:site_name\" content=\"TreeLab.eu\" \/>\n<meta property=\"article:modified_time\" content=\"2023-08-22T16:44:56+00:00\" \/>\n<meta property=\"og:image\" content=\"https:\/\/treelab.eu\/wp-content\/uploads\/2022\/12\/WaterIt.jpg\" \/>\n\t<meta property=\"og:image:width\" content=\"800\" \/>\n\t<meta property=\"og:image:height\" content=\"800\" \/>\n\t<meta property=\"og:image:type\" content=\"image\/jpeg\" \/>\n<meta name=\"twitter:card\" content=\"summary_large_image\" \/>\n<meta name=\"twitter:label1\" content=\"Gesch\u00e4tzte Lesezeit\" \/>\n\t<meta name=\"twitter:data1\" content=\"1\u00a0Minute\" \/>\n<script type=\"application\/ld+json\" class=\"yoast-schema-graph\">{\"@context\":\"https:\/\/schema.org\",\"@graph\":[{\"@type\":\"WebPage\",\"@id\":\"https:\/\/treelab.eu\/de\/geschaft\/hydraflora\/\",\"url\":\"https:\/\/treelab.eu\/de\/geschaft\/hydraflora\/\",\"name\":\"HydraFlora: Solarbetriebenes Selbstbew\u00e4sserungssystem\",\"isPartOf\":{\"@id\":\"https:\/\/treelab.eu\/de\/#website\"},\"primaryImageOfPage\":{\"@id\":\"https:\/\/treelab.eu\/de\/geschaft\/hydraflora\/#primaryimage\"},\"image\":{\"@id\":\"https:\/\/treelab.eu\/de\/geschaft\/hydraflora\/#primaryimage\"},\"thumbnailUrl\":\"https:\/\/treelab.eu\/wp-content\/uploads\/2022\/12\/WaterIt.jpg\",\"datePublished\":\"2022-12-05T12:00:01+00:00\",\"dateModified\":\"2023-08-22T16:44:56+00:00\",\"description\":\"Erleben Sie m\u00fchelose Pflanzenpflege mit HydraFlora, dem solarbetriebenen Selbstbew\u00e4sserungssystem. Jetzt kaufen!\",\"breadcrumb\":{\"@id\":\"https:\/\/treelab.eu\/de\/geschaft\/hydraflora\/#breadcrumb\"},\"inLanguage\":\"de\",\"potentialAction\":[{\"@type\":\"ReadAction\",\"target\":[\"https:\/\/treelab.eu\/de\/geschaft\/hydraflora\/\"]}]},{\"@type\":\"ImageObject\",\"inLanguage\":\"de\",\"@id\":\"https:\/\/treelab.eu\/de\/geschaft\/hydraflora\/#primaryimage\",\"url\":\"https:\/\/treelab.eu\/wp-content\/uploads\/2022\/12\/WaterIt.jpg\",\"contentUrl\":\"https:\/\/treelab.eu\/wp-content\/uploads\/2022\/12\/WaterIt.jpg\",\"width\":800,\"height\":800},{\"@type\":\"BreadcrumbList\",\"@id\":\"https:\/\/treelab.eu\/de\/geschaft\/hydraflora\/#breadcrumb\",\"itemListElement\":[{\"@type\":\"ListItem\",\"position\":1,\"name\":\"Startseite\",\"item\":\"https:\/\/treelab.eu\/de\/\"},{\"@type\":\"ListItem\",\"position\":2,\"name\":\"Gesch\u00e4ft\",\"item\":\"https:\/\/treelab.eu\/de\/geschaft\/\"},{\"@type\":\"ListItem\",\"position\":3,\"name\":\"HydraFlora\"}]},{\"@type\":\"WebSite\",\"@id\":\"https:\/\/treelab.eu\/de\/#website\",\"url\":\"https:\/\/treelab.eu\/de\/\",\"name\":\"TreeLab.eu\",\"description\":\"Easy does it\",\"publisher\":{\"@id\":\"https:\/\/treelab.eu\/de\/#organization\"},\"potentialAction\":[{\"@type\":\"SearchAction\",\"target\":{\"@type\":\"EntryPoint\",\"urlTemplate\":\"https:\/\/treelab.eu\/de\/?s={search_term_string}\"},\"query-input\":{\"@type\":\"PropertyValueSpecification\",\"valueRequired\":true,\"valueName\":\"search_term_string\"}}],\"inLanguage\":\"de\"},{\"@type\":\"Organization\",\"@id\":\"https:\/\/treelab.eu\/de\/#organization\",\"name\":\"TreeLab s.r.o.\",\"url\":\"https:\/\/treelab.eu\/de\/\",\"logo\":{\"@type\":\"ImageObject\",\"inLanguage\":\"de\",\"@id\":\"https:\/\/treelab.eu\/de\/#\/schema\/logo\/image\/\",\"url\":\"https:\/\/treelab.eu\/wp-content\/uploads\/2023\/01\/TreeLab-logo-email.png\",\"contentUrl\":\"https:\/\/treelab.eu\/wp-content\/uploads\/2023\/01\/TreeLab-logo-email.png\",\"width\":400,\"height\":104,\"caption\":\"TreeLab s.r.o.\"},\"image\":{\"@id\":\"https:\/\/treelab.eu\/de\/#\/schema\/logo\/image\/\"}}]}<\/script>\n<!-- \/ Yoast SEO plugin. -->","yoast_head_json":{"title":"HydraFlora: Solarbetriebenes Selbstbew\u00e4sserungssystem","description":"Erleben Sie m\u00fchelose Pflanzenpflege mit HydraFlora, dem solarbetriebenen Selbstbew\u00e4sserungssystem. Jetzt kaufen!","robots":{"index":"noindex","follow":"follow","max-snippet":"max-snippet:-1","max-image-preview":"max-image-preview:large","max-video-preview":"max-video-preview:-1"},"og_locale":"de_DE","og_type":"article","og_title":"HydraFlora: Solarbetriebenes Selbstbew\u00e4sserungssystem","og_description":"Erleben Sie m\u00fchelose Pflanzenpflege mit HydraFlora, dem solarbetriebenen Selbstbew\u00e4sserungssystem. Jetzt kaufen!","og_url":"https:\/\/treelab.eu\/de\/geschaft\/hydraflora\/","og_site_name":"TreeLab.eu","article_modified_time":"2023-08-22T16:44:56+00:00","og_image":[{"width":800,"height":800,"url":"https:\/\/treelab.eu\/wp-content\/uploads\/2022\/12\/WaterIt.jpg","type":"image\/jpeg"}],"twitter_card":"summary_large_image","twitter_misc":{"Gesch\u00e4tzte Lesezeit":"1\u00a0Minute"},"schema":{"@context":"https:\/\/schema.org","@graph":[{"@type":"WebPage","@id":"https:\/\/treelab.eu\/de\/geschaft\/hydraflora\/","url":"https:\/\/treelab.eu\/de\/geschaft\/hydraflora\/","name":"HydraFlora: Solarbetriebenes Selbstbew\u00e4sserungssystem","isPartOf":{"@id":"https:\/\/treelab.eu\/de\/#website"},"primaryImageOfPage":{"@id":"https:\/\/treelab.eu\/de\/geschaft\/hydraflora\/#primaryimage"},"image":{"@id":"https:\/\/treelab.eu\/de\/geschaft\/hydraflora\/#primaryimage"},"thumbnailUrl":"https:\/\/treelab.eu\/wp-content\/uploads\/2022\/12\/WaterIt.jpg","datePublished":"2022-12-05T12:00:01+00:00","dateModified":"2023-08-22T16:44:56+00:00","description":"Erleben Sie m\u00fchelose Pflanzenpflege mit HydraFlora, dem solarbetriebenen Selbstbew\u00e4sserungssystem. Jetzt kaufen!","breadcrumb":{"@id":"https:\/\/treelab.eu\/de\/geschaft\/hydraflora\/#breadcrumb"},"inLanguage":"de","potentialAction":[{"@type":"ReadAction","target":["https:\/\/treelab.eu\/de\/geschaft\/hydraflora\/"]}]},{"@type":"ImageObject","inLanguage":"de","@id":"https:\/\/treelab.eu\/de\/geschaft\/hydraflora\/#primaryimage","url":"https:\/\/treelab.eu\/wp-content\/uploads\/2022\/12\/WaterIt.jpg","contentUrl":"https:\/\/treelab.eu\/wp-content\/uploads\/2022\/12\/WaterIt.jpg","width":800,"height":800},{"@type":"BreadcrumbList","@id":"https:\/\/treelab.eu\/de\/geschaft\/hydraflora\/#breadcrumb","itemListElement":[{"@type":"ListItem","position":1,"name":"Startseite","item":"https:\/\/treelab.eu\/de\/"},{"@type":"ListItem","position":2,"name":"Gesch\u00e4ft","item":"https:\/\/treelab.eu\/de\/geschaft\/"},{"@type":"ListItem","position":3,"name":"HydraFlora"}]},{"@type":"WebSite","@id":"https:\/\/treelab.eu\/de\/#website","url":"https:\/\/treelab.eu\/de\/","name":"TreeLab.eu","description":"Easy does it","publisher":{"@id":"https:\/\/treelab.eu\/de\/#organization"},"potentialAction":[{"@type":"SearchAction","target":{"@type":"EntryPoint","urlTemplate":"https:\/\/treelab.eu\/de\/?s={search_term_string}"},"query-input":{"@type":"PropertyValueSpecification","valueRequired":true,"valueName":"search_term_string"}}],"inLanguage":"de"},{"@type":"Organization","@id":"https:\/\/treelab.eu\/de\/#organization","name":"TreeLab s.r.o.","url":"https:\/\/treelab.eu\/de\/","logo":{"@type":"ImageObject","inLanguage":"de","@id":"https:\/\/treelab.eu\/de\/#\/schema\/logo\/image\/","url":"https:\/\/treelab.eu\/wp-content\/uploads\/2023\/01\/TreeLab-logo-email.png","contentUrl":"https:\/\/treelab.eu\/wp-content\/uploads\/2023\/01\/TreeLab-logo-email.png","width":400,"height":104,"caption":"TreeLab s.r.o."},"image":{"@id":"https:\/\/treelab.eu\/de\/#\/schema\/logo\/image\/"}}]}},"_links":{"self":[{"href":"https:\/\/treelab.eu\/de\/wp-json\/wp\/v2\/product\/5114"}],"collection":[{"href":"https:\/\/treelab.eu\/de\/wp-json\/wp\/v2\/product"}],"about":[{"href":"https:\/\/treelab.eu\/de\/wp-json\/wp\/v2\/types\/product"}],"wp:featuredmedia":[{"embeddable":true,"href":"https:\/\/treelab.eu\/de\/wp-json\/wp\/v2\/media\/5091"}],"wp:attachment":[{"href":"https:\/\/treelab.eu\/de\/wp-json\/wp\/v2\/media?parent=5114"}],"wp:term":[{"taxonomy":"product_cat","embeddable":true,"href":"https:\/\/treelab.eu\/de\/wp-json\/wp\/v2\/product_cat?post=5114"},{"taxonomy":"product_tag","embeddable":true,"href":"https:\/\/treelab.eu\/de\/wp-json\/wp\/v2\/product_tag?post=5114"}],"curies":[{"name":"wp","href":"https:\/\/api.w.org\/{rel}","templated":true}]}}