{"id":73,"date":"2022-12-05T08:00:58","date_gmt":"2022-12-05T07:00:58","guid":{"rendered":"http:\/\/sw-themes.com\/porto_dummy\/?page_id=73"},"modified":"2024-09-11T13:20:09","modified_gmt":"2024-09-11T11:20:09","slug":"kontakt","status":"publish","type":"page","link":"https:\/\/treelab.eu\/sk\/kontakt\/","title":{"rendered":"Kontakt"},"content":{"rendered":"<div class=\"wpb-content-wrapper\"><p>[vc_section top_divider_type=&#8220;waves&#8220; top_divider_invert=&#8220;true&#8220; top_divider_color=&#8220;#ffffff&#8220; conditional_render=&#8220;%5B%7B%22value_role%22%3A%22administrator%22%7D%5D&#8220;][vc_row wrap_container=&#8220;yes&#8220; conditional_render=&#8220;%5B%7B%22value_role%22%3A%22administrator%22%7D%5D&#8220; css=&#8220;.vc_custom_1670317810035{margin-top: 80px !important;}&#8220;][vc_column width=&#8220;1\/2&#8243;][vc_single_image image=&#8220;4106&#8243; img_size=&#8220;200&#215;0&#8243;][vc_column_text]TreeLab bol zalo\u017een\u00fd v roku 2016 skupinou in\u017einierov, ktor\u00ed chceli dok\u00e1za\u0165, \u017ee technol\u00f3gie rie\u0161ia probl\u00e9my \u013eud\u00ed, m\u00f4\u017eu ma\u0165 jednoduch\u00e9 ovl\u00e1danie a v z\u00e1rove\u0148 by\u0165 cenovo dostupn\u00e9. Sme mlad\u00e1 firma s ve\u013ek\u00fdmi cie\u013emi. Prin\u00e1\u0161ame zdrav\u0161\u00ed, pohodlnej\u0161\u00ed a ekologickej\u0161\u00ed \u017eivot ka\u017ed\u00fdm na\u0161\u00edm produktom.[\/vc_column_text][vc_separator color=&#8220;custom&#8220; gradient=&#8220;yes&#8220;]<div class=\"porto-u-heading  wpb_custom_95aa9a11c17ad45cfabaf210d84ee7cc porto-u-3153 \"><div class=\"porto-u-main-heading\"><h3  >S\u00eddlo spolo\u010dnosti:<\/h3><\/div><style>.porto-u-3153.porto-u-heading{text-align:left}<\/style><\/div><div class=\"porto-sicon-box  wpb_custom_f9b5c9c93b977e13eb879b1459ba8989 style_1 left-icon\"><div class=\"porto-sicon-left\"><div class=\"porto-just-icon-wrapper porto-icon circle\" style=\"color:#ffffff;background:#00a5d3;font-size:14px;\"><i class=\"fas fa-map-marker-alt\"><\/i><\/div><\/div><div class=\"porto-sicon-body\"><div class=\"porto-sicon-header\"><h4 class=\"porto-sicon-title\" style=\"font-size:14px;\"><strong>Adresa:<\/strong><\/h4><\/div> <!-- header --><div class=\"porto-sicon-description\" style=\"color:#c9c9c9;\"><strong>Ferdi\u0161a Kostku 1, Bratislava, Slovakia<\/strong><\/div> <!-- description --><\/div><\/div><!-- porto-sicon-box --><div class=\"porto-sicon-box  wpb_custom_f9b5c9c93b977e13eb879b1459ba8989 style_1 left-icon\"><div class=\"porto-sicon-left\"><div class=\"porto-just-icon-wrapper porto-icon circle\" style=\"color:#ffffff;background:#00a5d3;font-size:14px;\"><i class=\"fas fa-phone\"><\/i><\/div><\/div><div class=\"porto-sicon-body\"><div class=\"porto-sicon-header\"><h4 class=\"porto-sicon-title\" style=\"font-size:14px;\"><strong>Tel. \u010d\u00edslo:<\/strong><\/h4><\/div> <!-- header --><div class=\"porto-sicon-description\" style=\"\"><strong><a href=\"tel:+421221011906\">+421 221 011 906<\/a><\/strong><\/div> <!-- description --><\/div><\/div><!-- porto-sicon-box --><div class=\"porto-sicon-box  wpb_custom_f9b5c9c93b977e13eb879b1459ba8989 style_1 left-icon\"><div class=\"porto-sicon-left\"><div class=\"porto-just-icon-wrapper porto-icon circle\" style=\"color:#ffffff;background:#00a5d3;font-size:14px;\"><i class=\"far fa-envelope\"><\/i><\/div><\/div><div class=\"porto-sicon-body\"><div class=\"porto-sicon-header\"><h4 class=\"porto-sicon-title\" style=\"font-size:14px;\"><strong>E-mail:<\/strong><\/h4><\/div> <!-- header --><div class=\"porto-sicon-description\" style=\"\"><strong><a href=\"mailto:hi@treelab.sk\">hi@treelab.sk<\/a><\/strong><\/div> <!-- description --><\/div><\/div><!-- porto-sicon-box -->[vc_column_text]Na tejto adrese m\u00e1me s\u00eddlo aj kancel\u00e1rie, av\u0161ak pr\u00edpadne stretnutie je potrebn\u00e9 vopred dohodn\u00fa\u0165 na\u00a0<a href=\"mailto:info@treelab.eu\">info@treelab.eu<\/a>[\/vc_column_text][\/vc_column][vc_column width=&#8220;1\/2&#8243; css=&#8220;.vc_custom_1672232852125{margin-top: 40px !important;}&#8220; conditional_render=&#8220;%5B%7B%22value_role%22%3A%22administrator%22%7D%5D&#8220;]\n<div class=\"wpcf7 no-js\" id=\"wpcf7-f74-o1\" lang=\"sk-SK\" dir=\"ltr\">\n<div class=\"screen-reader-response\"><p role=\"status\" aria-live=\"polite\" aria-atomic=\"true\"><\/p> <ul><\/ul><\/div>\n<form action=\"\/sk\/wp-json\/wp\/v2\/pages\/73#wpcf7-f74-o1\" method=\"post\" class=\"wpcf7-form init\" aria-label=\"Kontaktn\u00fd formul\u00e1r\" novalidate=\"novalidate\" data-status=\"init\">\n<div style=\"display: none;\">\n<input type=\"hidden\" name=\"_wpcf7\" value=\"74\" \/>\n<input type=\"hidden\" name=\"_wpcf7_version\" value=\"5.9.8\" \/>\n<input type=\"hidden\" name=\"_wpcf7_locale\" value=\"sk_SK\" \/>\n<input type=\"hidden\" name=\"_wpcf7_unit_tag\" value=\"wpcf7-f74-o1\" \/>\n<input type=\"hidden\" name=\"_wpcf7_container_post\" value=\"0\" \/>\n<input type=\"hidden\" name=\"_wpcf7_posted_data_hash\" value=\"\" \/>\n<input type=\"hidden\" name=\"_wpcf7_recaptcha_response\" value=\"\" \/>\n<\/div>\n<h3 class=\"short\"><strong>Kontaktujte n\u00e1s<\/strong><\/h3>\n<div class=\"row\">\n    <div class=\"col-lg-6\">\n        <div class=\"form-group\">\n            <label for=\"contact-name\">Meno *<\/label>\n            <span class=\"wpcf7-form-control-wrap\" data-name=\"your-name\"><input size=\"40\" maxlength=\"400\" class=\"wpcf7-form-control wpcf7-text wpcf7-validates-as-required form-control\" id=\"contact-name\" aria-required=\"true\" aria-invalid=\"false\" value=\"\" type=\"text\" name=\"your-name\" \/><\/span>\n        <\/div>\n    <\/div>\n    <div class=\"col-lg-6\">\n        <div class=\"form-group\">\n            <label for=\"contact-email\">E-mail *<\/label>\n            <span class=\"wpcf7-form-control-wrap\" data-name=\"your-email\"><input size=\"40\" maxlength=\"400\" class=\"wpcf7-form-control wpcf7-email wpcf7-validates-as-required wpcf7-text wpcf7-validates-as-email form-control\" id=\"contact-email\" aria-required=\"true\" aria-invalid=\"false\" value=\"\" type=\"email\" name=\"your-email\" \/><\/span>\n        <\/div>\n    <\/div>\n    <div class=\"col-lg-12\">\n        <div class=\"form-group\">\n            <label for=\"contact-subject\">Predmet<\/label>\n            <span class=\"wpcf7-form-control-wrap\" data-name=\"your-subject\"><input size=\"40\" maxlength=\"400\" class=\"wpcf7-form-control wpcf7-text form-control\" id=\"contact-subject\" aria-invalid=\"false\" value=\"\" type=\"text\" name=\"your-subject\" \/><\/span>\n        <\/div>\n    <\/div>\n    <div class=\"col-lg-12\">\n        <div class=\"form-group\">\n            <label for=\"contact-message\">Spr\u00e1va *<\/label>\n            <span class=\"wpcf7-form-control-wrap\" data-name=\"your-message\"><textarea cols=\"40\" rows=\"10\" maxlength=\"2000\" class=\"wpcf7-form-control wpcf7-textarea wpcf7-validates-as-required form-control\" id=\"contact-message\" aria-required=\"true\" aria-invalid=\"false\" name=\"your-message\"><\/textarea><\/span>\n        <\/div>\n    <\/div>\n    <div class=\"col-lg-12\">\n        <div class=\"form-group\">\n            <input class=\"wpcf7-form-control wpcf7-submit has-spinner btn btn-primary btn-lg\" type=\"submit\" value=\"Odosla\u0165\" \/>\n        <\/div>\n    <\/div>\n<\/div><p style=\"display: none !important;\" class=\"akismet-fields-container\" data-prefix=\"_wpcf7_ak_\"><label>&#916;<textarea name=\"_wpcf7_ak_hp_textarea\" cols=\"45\" rows=\"8\" maxlength=\"100\"><\/textarea><\/label><input type=\"hidden\" id=\"ak_js_1\" name=\"_wpcf7_ak_js\" value=\"64\"\/><script>document.getElementById( \"ak_js_1\" ).setAttribute( \"value\", ( new Date() ).getTime() );<\/script><\/p><div class=\"wpcf7-response-output\" aria-hidden=\"true\"><\/div>\n<\/form>\n<\/div>\n[\/vc_column][\/vc_row][vc_row wrap_container=&#8220;yes&#8220; conditional_render=&#8220;%5B%7B%22value_role%22%3A%22administrator%22%7D%5D&#8220;][vc_column offset=&#8220;vc_col-xs-12&#8243; conditional_render=&#8220;%5B%7B%22value_role%22%3A%22administrator%22%7D%5D&#8220;][vc_separator color=&#8220;custom&#8220; gradient=&#8220;yes&#8220;]<div class=\"porto-u-heading  wpb_custom_95aa9a11c17ad45cfabaf210d84ee7cc porto-u-5858 \"><div class=\"porto-u-main-heading\"><h3  >Kontakty na na\u0161e oddelenia:<\/h3><\/div><style>.porto-u-5858.porto-u-heading{text-align:left}<\/style><\/div>[vc_row_inner][vc_column_inner width=&#8220;1\/2&#8243; offset=&#8220;vc_col-xl-3 vc_col-lg-3 vc_col-md-6 vc_col-xs-12&#8243;]<div class=\"porto-sicon-box  wpb_custom_f9b5c9c93b977e13eb879b1459ba8989 style_1 left-icon\"><div class=\"porto-sicon-left\"><div class=\"porto-just-icon-wrapper porto-icon circle\" style=\"color:#ffffff;background:#00a5d3;font-size:14px;\"><i class=\"far fa-envelope\"><\/i><\/div><\/div><div class=\"porto-sicon-body\"><div class=\"porto-sicon-header\"><h4 class=\"porto-sicon-title\" style=\"font-size:14px;\"><strong>Potrebujete pom\u00f4c\u0165?<\/strong><\/h4><\/div> <!-- header --><div class=\"porto-sicon-description\" style=\"\"><a href=\"mailto:support@treelab.sk\">support@treelab.sk<\/a><\/div> <!-- description --><\/div><\/div><!-- porto-sicon-box -->[\/vc_column_inner][vc_column_inner width=&#8220;1\/2&#8243; offset=&#8220;vc_col-xl-3 vc_col-lg-3 vc_col-md-6 vc_col-xs-12&#8243;]<div class=\"porto-sicon-box  wpb_custom_f9b5c9c93b977e13eb879b1459ba8989 style_1 left-icon\"><div class=\"porto-sicon-left\"><div class=\"porto-just-icon-wrapper porto-icon circle\" style=\"color:#ffffff;background:#00a5d3;font-size:14px;\"><i class=\"far fa-envelope\"><\/i><\/div><\/div><div class=\"porto-sicon-body\"><div class=\"porto-sicon-header\"><h4 class=\"porto-sicon-title\" style=\"font-size:14px;\"><strong>Spolupr\u00e1ca - h\u013ead\u00e1me partnerov<\/strong><\/h4><\/div> <!-- header --><div class=\"porto-sicon-description\" style=\"\"><a href=\"mailto:b2b@treelab.sk\">b2b@treelab.sk<\/a><\/div> <!-- description --><\/div><\/div><!-- porto-sicon-box -->[\/vc_column_inner][vc_column_inner width=&#8220;1\/2&#8243; offset=&#8220;vc_col-xl-3 vc_col-lg-3 vc_col-md-6 vc_col-xs-12&#8243;]<div class=\"porto-sicon-box  wpb_custom_f9b5c9c93b977e13eb879b1459ba8989 style_1 left-icon\"><div class=\"porto-sicon-left\"><div class=\"porto-just-icon-wrapper porto-icon circle\" style=\"color:#ffffff;background:#00a5d3;font-size:14px;\"><i class=\"far fa-envelope\"><\/i><\/div><\/div><div class=\"porto-sicon-body\"><div class=\"porto-sicon-header\"><h4 class=\"porto-sicon-title\" style=\"font-size:14px;\"><strong>Kontaktujte n\u00e1\u0161ho riadite\u013ea<\/strong><\/h4><\/div> <!-- header --><div class=\"porto-sicon-description\" style=\"\"><a href=\"mailto:ceo@treelab.sk\">ceo@treelab.sk<\/a><\/div> <!-- description --><\/div><\/div><!-- porto-sicon-box -->[\/vc_column_inner][vc_column_inner width=&#8220;1\/2&#8243; offset=&#8220;vc_col-xl-3 vc_col-lg-3 vc_col-md-6 vc_col-xs-12&#8243;]<div class=\"porto-sicon-box  wpb_custom_f9b5c9c93b977e13eb879b1459ba8989 style_1 left-icon\"><div class=\"porto-sicon-left\"><div class=\"porto-just-icon-wrapper porto-icon circle\" style=\"color:#ffffff;background:#00a5d3;font-size:14px;\"><i class=\"far fa-envelope\"><\/i><\/div><\/div><div class=\"porto-sicon-body\"><div class=\"porto-sicon-header\"><h4 class=\"porto-sicon-title\" style=\"font-size:14px;\"><strong>Reklam\u00e1cie<\/strong><\/h4><\/div> <!-- header --><div class=\"porto-sicon-description\" style=\"\"><a href=\"mailto:reklamacie@treelab.sk\">reklamacie@treelab.sk<\/a><\/div> <!-- description --><\/div><\/div><!-- porto-sicon-box -->[\/vc_column_inner][\/vc_row_inner][vc_separator color=&#8220;custom&#8220; gradient=&#8220;yes&#8220;]<div class=\"porto-u-heading  wpb_custom_8857f1e1e32f542fc792239c535431fa porto-u-8262 \"><div class=\"porto-u-main-heading\"><h2  >Faktura\u010dn\u00e9 \u00fadaje:<\/h2><\/div><style>.porto-u-8262.porto-u-heading{text-align:left}<\/style><\/div>[vc_row_inner][vc_column_inner width=&#8220;1\/2&#8243;][vc_column_text css=&#8220;&#8220;]<\/p>\n<div><strong>TreeLab O\u00dc<\/strong><\/div>\n<div>Harju maakond,<\/div>\n<div>Tallinn, Kesklinna linnaosa,<\/div>\n<div>Tornim\u00e4e tn 5, 10145,<\/div>\n<div>Estonia<\/div>\n<div><\/div>\n<div><strong>Registry Code:<\/strong> 17063252<\/div>\n<p>[\/vc_column_text][\/vc_column_inner][vc_column_inner width=&#8220;1\/2&#8243;][\/vc_column_inner][\/vc_row_inner][\/vc_column][\/vc_row][vc_row wrap_container=&#8220;yes&#8220; conditional_render=&#8220;%5B%7B%22value_role%22%3A%22administrator%22%7D%5D&#8220;][vc_column offset=&#8220;vc_col-xs-12&#8243; conditional_render=&#8220;%5B%7B%22value_role%22%3A%22administrator%22%7D%5D&#8220;][vc_raw_html]JTNDaWZyYW1lJTIwc3R5bGUlM0QlMjJib3JkZXIlM0ElMjAwJTNCJTIyJTIwc3JjJTNEJTIyaHR0cHMlM0ElMkYlMkZ3d3cuZ29vZ2xlLmNvbSUyRm1hcHMlMkZlbWJlZCUzRnBiJTNEJTIxMW0xOCUyMTFtMTIlMjExbTMlMjExZDU5OS43NzE3NzMxNTI1MDI0JTIxMmQxNy4wNDk5MzU1NzY1NTc4ODUlMjEzZDQ4LjE1NjkwMDAwMDczODA1NSUyMTJtMyUyMTFmMCUyMTJmMCUyMTNmMCUyMTNtMiUyMTFpMTAyNCUyMTJpNzY4JTIxNGYxMy4xJTIxM20zJTIxMW0yJTIxMXMweDQ3NmM4YjVmZWQxMWQ3MzklMjUzQTB4MzJkOTNhODkyZjQ5NmEyMyUyMTJzRmVyZGklMjVDNSUyNUExYSUyNTIwS29zdGt1JTI1MjAxJTI1MkMlMjUyMDg0MSUyNTIwMDQlMjUyMEthcmxvdmElMjUyMFZlcyUyMTVlMSUyMTNtMiUyMTFzc2slMjEyc3NrJTIxNHYxNjcwMjQ2NTY1NDI0JTIxNW0yJTIxMXNzayUyMTJzc2slMjIlMjB3aWR0aCUzRCUyMjEwMCUyNSUyMiUyMGhlaWdodCUzRCUyMjQwMCUyMiUyMGFsbG93ZnVsbHNjcmVlbiUzRCUyMmFsbG93ZnVsbHNjcmVlbiUyMiUzRSUzQyUyRmlmcmFtZSUzRQ==[\/vc_raw_html][\/vc_column][\/vc_row][\/vc_section]<\/p>\n<\/div>","protected":false},"excerpt":{"rendered":"<p>[vc_section top_divider_type=&#8220;waves&#8220; top_divider_invert=&#8220;true&#8220; top_divider_color=&#8220;#ffffff&#8220; conditional_render=&#8220;%5B%7B%22value_role%22%3A%22administrator%22%7D%5D&#8220;][vc_row wrap_container=&#8220;yes&#8220; conditional_render=&#8220;%5B%7B%22value_role%22%3A%22administrator%22%7D%5D&#8220; css=&#8220;.vc_custom_1670317810035{margin-top: 80px !important;}&#8220;][vc_column width=&#8220;1\/2&#8243;][vc_single_image image=&#8220;4106&#8243; img_size=&#8220;200&#215;0&#8243;][vc_column_text]TreeLab bol zalo\u017een\u00fd v roku 2016 skupinou in\u017einierov, ktor\u00ed chceli dok\u00e1za\u0165, \u017ee technol\u00f3gie rie\u0161ia probl\u00e9my \u013eud\u00ed, m\u00f4\u017eu ma\u0165 jednoduch\u00e9 ovl\u00e1danie a v z\u00e1rove\u0148 by\u0165 cenovo dostupn\u00e9. Sme mlad\u00e1 firma s ve\u013ek\u00fdmi cie\u013emi. Prin\u00e1\u0161ame zdrav\u0161\u00ed, pohodlnej\u0161\u00ed a ekologickej\u0161\u00ed \u017eivot ka\u017ed\u00fdm na\u0161\u00edm produktom.[\/vc_column_text][vc_separator color=&#8220;custom&#8220; gradient=&#8220;yes&#8220;][vc_column_text]Na [&hellip;]<\/p>\n","protected":false},"author":2,"featured_media":0,"parent":0,"menu_order":0,"comment_status":"closed","ping_status":"closed","template":"","meta":{"footnotes":""},"class_list":["post-73","page","type-page","status-publish","hentry"],"yoast_head":"<!-- This site is optimized with the Yoast SEO plugin v23.4 - https:\/\/yoast.com\/wordpress\/plugins\/seo\/ -->\n<title>Kontakt | TreeLab.eu<\/title>\n<meta name=\"description\" content=\"Kontaktujte n\u00e1s mailom cez formul\u00e1r alebo priamo na telef\u00f3nne \u010d\u00edslo. N\u00e1jdete tu kontakt na na\u0161e TreeLab oddelenia.\" \/>\n<meta name=\"robots\" content=\"noindex, follow, max-snippet:-1, max-image-preview:large, max-video-preview:-1\" \/>\n<meta property=\"og:locale\" content=\"sk_SK\" \/>\n<meta property=\"og:type\" content=\"article\" \/>\n<meta property=\"og:title\" content=\"Kontakt | TreeLab.eu\" \/>\n<meta property=\"og:description\" content=\"Kontaktujte n\u00e1s mailom cez formul\u00e1r alebo priamo na telef\u00f3nne \u010d\u00edslo. N\u00e1jdete tu kontakt na na\u0161e TreeLab oddelenia.\" \/>\n<meta property=\"og:url\" content=\"https:\/\/treelab.eu\/sk\/kontakt\/\" \/>\n<meta property=\"og:site_name\" content=\"TreeLab.eu\" \/>\n<meta property=\"article:modified_time\" content=\"2024-09-11T11:20:09+00:00\" \/>\n<meta name=\"twitter:card\" content=\"summary_large_image\" \/>\n<meta name=\"twitter:label1\" content=\"Predpokladan\u00fd \u010das \u010d\u00edtania\" \/>\n\t<meta name=\"twitter:data1\" content=\"1 min\u00fata\" \/>\n<script type=\"application\/ld+json\" class=\"yoast-schema-graph\">{\"@context\":\"https:\/\/schema.org\",\"@graph\":[{\"@type\":\"WebPage\",\"@id\":\"https:\/\/treelab.eu\/sk\/kontakt\/\",\"url\":\"https:\/\/treelab.eu\/sk\/kontakt\/\",\"name\":\"Kontakt | TreeLab.eu\",\"isPartOf\":{\"@id\":\"https:\/\/treelab.eu\/sk\/#website\"},\"datePublished\":\"2022-12-05T07:00:58+00:00\",\"dateModified\":\"2024-09-11T11:20:09+00:00\",\"description\":\"Kontaktujte n\u00e1s mailom cez formul\u00e1r alebo priamo na telef\u00f3nne \u010d\u00edslo. N\u00e1jdete tu kontakt na na\u0161e TreeLab oddelenia.\",\"breadcrumb\":{\"@id\":\"https:\/\/treelab.eu\/sk\/kontakt\/#breadcrumb\"},\"inLanguage\":\"sk-SK\",\"potentialAction\":[{\"@type\":\"ReadAction\",\"target\":[\"https:\/\/treelab.eu\/sk\/kontakt\/\"]}]},{\"@type\":\"BreadcrumbList\",\"@id\":\"https:\/\/treelab.eu\/sk\/kontakt\/#breadcrumb\",\"itemListElement\":[{\"@type\":\"ListItem\",\"position\":1,\"name\":\"Domov\",\"item\":\"https:\/\/treelab.eu\/sk\/\"},{\"@type\":\"ListItem\",\"position\":2,\"name\":\"Kontakt\"}]},{\"@type\":\"WebSite\",\"@id\":\"https:\/\/treelab.eu\/sk\/#website\",\"url\":\"https:\/\/treelab.eu\/sk\/\",\"name\":\"TreeLab.eu\",\"description\":\"Easy does it\",\"publisher\":{\"@id\":\"https:\/\/treelab.eu\/sk\/#organization\"},\"potentialAction\":[{\"@type\":\"SearchAction\",\"target\":{\"@type\":\"EntryPoint\",\"urlTemplate\":\"https:\/\/treelab.eu\/sk\/?s={search_term_string}\"},\"query-input\":{\"@type\":\"PropertyValueSpecification\",\"valueRequired\":true,\"valueName\":\"search_term_string\"}}],\"inLanguage\":\"sk-SK\"},{\"@type\":\"Organization\",\"@id\":\"https:\/\/treelab.eu\/sk\/#organization\",\"name\":\"TreeLab s.r.o.\",\"url\":\"https:\/\/treelab.eu\/sk\/\",\"logo\":{\"@type\":\"ImageObject\",\"inLanguage\":\"sk-SK\",\"@id\":\"https:\/\/treelab.eu\/sk\/#\/schema\/logo\/image\/\",\"url\":\"https:\/\/treelab.eu\/wp-content\/uploads\/2023\/01\/TreeLab-logo-email.png\",\"contentUrl\":\"https:\/\/treelab.eu\/wp-content\/uploads\/2023\/01\/TreeLab-logo-email.png\",\"width\":400,\"height\":104,\"caption\":\"TreeLab s.r.o.\"},\"image\":{\"@id\":\"https:\/\/treelab.eu\/sk\/#\/schema\/logo\/image\/\"}}]}<\/script>\n<!-- \/ Yoast SEO plugin. -->","yoast_head_json":{"title":"Kontakt | TreeLab.eu","description":"Kontaktujte n\u00e1s mailom cez formul\u00e1r alebo priamo na telef\u00f3nne \u010d\u00edslo. N\u00e1jdete tu kontakt na na\u0161e TreeLab oddelenia.","robots":{"index":"noindex","follow":"follow","max-snippet":"max-snippet:-1","max-image-preview":"max-image-preview:large","max-video-preview":"max-video-preview:-1"},"og_locale":"sk_SK","og_type":"article","og_title":"Kontakt | TreeLab.eu","og_description":"Kontaktujte n\u00e1s mailom cez formul\u00e1r alebo priamo na telef\u00f3nne \u010d\u00edslo. N\u00e1jdete tu kontakt na na\u0161e TreeLab oddelenia.","og_url":"https:\/\/treelab.eu\/sk\/kontakt\/","og_site_name":"TreeLab.eu","article_modified_time":"2024-09-11T11:20:09+00:00","twitter_card":"summary_large_image","twitter_misc":{"Predpokladan\u00fd \u010das \u010d\u00edtania":"1 min\u00fata"},"schema":{"@context":"https:\/\/schema.org","@graph":[{"@type":"WebPage","@id":"https:\/\/treelab.eu\/sk\/kontakt\/","url":"https:\/\/treelab.eu\/sk\/kontakt\/","name":"Kontakt | TreeLab.eu","isPartOf":{"@id":"https:\/\/treelab.eu\/sk\/#website"},"datePublished":"2022-12-05T07:00:58+00:00","dateModified":"2024-09-11T11:20:09+00:00","description":"Kontaktujte n\u00e1s mailom cez formul\u00e1r alebo priamo na telef\u00f3nne \u010d\u00edslo. N\u00e1jdete tu kontakt na na\u0161e TreeLab oddelenia.","breadcrumb":{"@id":"https:\/\/treelab.eu\/sk\/kontakt\/#breadcrumb"},"inLanguage":"sk-SK","potentialAction":[{"@type":"ReadAction","target":["https:\/\/treelab.eu\/sk\/kontakt\/"]}]},{"@type":"BreadcrumbList","@id":"https:\/\/treelab.eu\/sk\/kontakt\/#breadcrumb","itemListElement":[{"@type":"ListItem","position":1,"name":"Domov","item":"https:\/\/treelab.eu\/sk\/"},{"@type":"ListItem","position":2,"name":"Kontakt"}]},{"@type":"WebSite","@id":"https:\/\/treelab.eu\/sk\/#website","url":"https:\/\/treelab.eu\/sk\/","name":"TreeLab.eu","description":"Easy does it","publisher":{"@id":"https:\/\/treelab.eu\/sk\/#organization"},"potentialAction":[{"@type":"SearchAction","target":{"@type":"EntryPoint","urlTemplate":"https:\/\/treelab.eu\/sk\/?s={search_term_string}"},"query-input":{"@type":"PropertyValueSpecification","valueRequired":true,"valueName":"search_term_string"}}],"inLanguage":"sk-SK"},{"@type":"Organization","@id":"https:\/\/treelab.eu\/sk\/#organization","name":"TreeLab s.r.o.","url":"https:\/\/treelab.eu\/sk\/","logo":{"@type":"ImageObject","inLanguage":"sk-SK","@id":"https:\/\/treelab.eu\/sk\/#\/schema\/logo\/image\/","url":"https:\/\/treelab.eu\/wp-content\/uploads\/2023\/01\/TreeLab-logo-email.png","contentUrl":"https:\/\/treelab.eu\/wp-content\/uploads\/2023\/01\/TreeLab-logo-email.png","width":400,"height":104,"caption":"TreeLab s.r.o."},"image":{"@id":"https:\/\/treelab.eu\/sk\/#\/schema\/logo\/image\/"}}]}},"_links":{"self":[{"href":"https:\/\/treelab.eu\/sk\/wp-json\/wp\/v2\/pages\/73"}],"collection":[{"href":"https:\/\/treelab.eu\/sk\/wp-json\/wp\/v2\/pages"}],"about":[{"href":"https:\/\/treelab.eu\/sk\/wp-json\/wp\/v2\/types\/page"}],"author":[{"embeddable":true,"href":"https:\/\/treelab.eu\/sk\/wp-json\/wp\/v2\/users\/2"}],"replies":[{"embeddable":true,"href":"https:\/\/treelab.eu\/sk\/wp-json\/wp\/v2\/comments?post=73"}],"version-history":[{"count":6,"href":"https:\/\/treelab.eu\/sk\/wp-json\/wp\/v2\/pages\/73\/revisions"}],"predecessor-version":[{"id":5546,"href":"https:\/\/treelab.eu\/sk\/wp-json\/wp\/v2\/pages\/73\/revisions\/5546"}],"wp:attachment":[{"href":"https:\/\/treelab.eu\/sk\/wp-json\/wp\/v2\/media?parent=73"}],"curies":[{"name":"wp","href":"https:\/\/api.w.org\/{rel}","templated":true}]}}