{"id":9,"date":"2022-11-29T12:00:36","date_gmt":"2022-11-29T11:00:36","guid":{"rendered":"http:\/\/treelab.eu\/moj-ucet\/"},"modified":"2022-11-29T12:19:16","modified_gmt":"2022-11-29T11:19:16","slug":"moj-ucet","status":"publish","type":"page","link":"https:\/\/treelab.eu\/sk\/moj-ucet\/","title":{"rendered":"M\u00f4j \u00fa\u010det"},"content":{"rendered":"<div class=\"woocommerce\"><div class=\"col-lg-10 mx-auto mb-4\">\r\n\t\t<div class=\"align-left \">\r\n\t\t<div class=\"box-content\">\r\n\t\t\t<div class=\"woocommerce-notices-wrapper\"><\/div>\r\n\t\t\t\r\n\t\t\t<div class=\"u-columns col2-set\" id=\"customer_login\">\r\n\r\n\t\t\t\t<div class=\"u-column1 col-1\">\r\n\r\n\t\t\t\t\t\t\t\t<form class=\"woocommerce-form woocommerce-form-login login pr-lg-4 pe-0\" method=\"post\">\r\n\t\t\t\t\t\t<h3 class=\"account-sub-title mb-2 font-weight-bold text-capitalize text-v-dark\">Prihl\u00e1senie<\/h3>\r\n\t\t\t\t\t\t\t\t\t\t\t\t\t\t\t\t\t\t<p class=\"woocommerce-form-row woocommerce-form-row--wide form-row form-row-wide\">\r\n\t\t\t\t\t\t\t<label class=\"mb-1 font-weight-medium\" for=\"username\">Pou\u017e\u00edvate\u013esk\u00e9 meno alebo e-mailov\u00e1 adresa&nbsp;<span class=\"required\" aria-hidden=\"true\">*<\/span><span class=\"screen-reader-text\">Povinn\u00e9<\/span><\/label>\r\n\t\t\t\t\t\t\t<input type=\"text\" class=\"woocommerce-Input woocommerce-Input--text input-text line-height-xl\" name=\"username\" id=\"username\" autocomplete=\"username\" value=\"\" required aria-required=\"true\" \/>\t\t\t\t\t\t<\/p>\r\n\t\t\t\t\t\t<p class=\"woocommerce-form-row woocommerce-form-row--wide form-row form-row-wide mb-2\">\r\n\t\t\t\t\t\t\t<label class=\"mb-1 font-weight-medium\" for=\"password\">Heslo&nbsp;<span class=\"required\" aria-hidden=\"true\">*<\/span><span class=\"screen-reader-text\">Povinn\u00e9<\/span><\/label>\r\n\t\t\t\t\t\t\t<input class=\"woocommerce-Input woocommerce-Input--text input-text line-height-xl\" type=\"password\" name=\"password\" id=\"password\" autocomplete=\"current-password\" required aria-required=\"true\" \/>\r\n\t\t\t\t\t\t<\/p>\r\n\r\n\t\t\t\t\t\t\r\n\t\t\t\t\t\t<p class=\"status\" style=\"display: none;\"><\/p>\r\n\r\n\t\t\t\t\t\t<div class=\"woocommerce-LostPassword lost_password d-flex flex-column flex-sm-row justify-content-between mb-4\">\r\n\t\t\t\t\t\t\t<div class=\"porto-checkbox my-2 my-sm-0\">\r\n\t\t\t\t\t\t\t\t<input type=\"checkbox\" name=\"rememberme\" id=\"rememberme\" value=\"forever\" class=\"porto-control-input woocommerce-form__input woocommerce-form__input-checkbox\">\r\n\t\t\t\t\t\t\t\t<label class=\"porto-control-label no-radius\" for=\"rememberme\">Zapam\u00e4ta\u0165 si ma<\/label>\r\n\t\t\t\t\t\t\t<\/div>\r\n\t\t\t\t\t\t\t<a href=\"https:\/\/treelab.eu\/sk\/moj-ucet\/lost-password\/\" class=\"text-v-dark font-weight-semibold\">Zabudli ste heslo?<\/a>\r\n\t\t\t\t\t\t<\/div>\r\n\t\t\t\t\t\t<p class=\"form-row mb-3 mb-lg-0 pb-1 pb-lg-0\">\r\n\t\t\t\t\t\t\t<input type=\"hidden\" id=\"woocommerce-login-nonce\" name=\"woocommerce-login-nonce\" value=\"23f26250ab\" \/><input type=\"hidden\" name=\"_wp_http_referer\" value=\"\/sk\/wp-json\/wp\/v2\/pages\/9\" \/>\t\t\t\t\t\t\t<button type=\"submit\" class=\"woocommerce-Button button login-btn btn-v-dark py-3 text-md w-100\" name=\"login\" value=\"Prihl\u00e1senie\">Prihl\u00e1senie<\/button>\r\n\t\t\t\t\t\t<\/p>\r\n\t\t\t\t\t\t\t\t\t\t\t\t\t\t\t\t\t\t\t\t\t\t\t\t\t\t\t\t\t<\/form>\r\n\t\t\t\r\n\t\t\t\t<\/div>\r\n\t\t\t\t<div class=\"u-column2 col-2\">\r\n\t\t\t\t\t<form method=\"post\" class=\"woocommerce-form woocommerce-form-register register pl-lg-4 pe-0\"  >\r\n\t\t\t\t\t\t<h3 class=\"account-sub-title mb-2 font-weight-bold\">Registrova\u0165 sa<\/h3>\r\n\t\t\t\t\t\t\t\t<p class=\"form-row form-row-first\">\r\n\t\t\t<label for=\"reg_billing_first_name\">Krstn\u00e9 meno<span class=\"required\">*<\/span><\/label>\r\n\t\t\t<input type=\"text\" class=\"woocommerce-Input woocommerce-Input--text input-text\" name=\"billing_first_name\" id=\"reg_billing_first_name\" value=\"\" \/>\r\n\t\t<\/p>\r\n\t\t<p class=\"form-row form-row-last\">\r\n\t\t\t<label for=\"reg_billing_last_name\">Priezvisko<span class=\"required\">*<\/span><\/label>\r\n\t\t\t<input type=\"text\" class=\"woocommerce-Input woocommerce-Input--text input-text\" name=\"billing_last_name\" id=\"reg_billing_last_name\" value=\"\" \/>\r\n\t\t<\/p>\r\n\t\t<div class=\"clear\"><\/div>\r\n\t\t\r\n\t\t\t\t\t\t\r\n\t\t\t\t\t\t<p class=\"woocommerce-form-row woocommerce-form-row--wide form-row form-row-wide\">\r\n\t\t\t\t\t\t\t<label class=\"font-weight-medium mb-1\" for=\"reg_email\">E-mailov\u00e1 adresa&nbsp;<span class=\"required\" aria-hidden=\"true\">*<\/span><span class=\"screen-reader-text\">Povinn\u00e9<\/span><\/label>\r\n\t\t\t\t\t\t\t<input type=\"email\" class=\"woocommerce-Input woocommerce-Input--text line-height-xl input-text\" name=\"email\" id=\"reg_email\" autocomplete=\"email\" value=\"\" required aria-required=\"true\" \/>\t\t\t\t\t\t<\/p>\r\n\r\n\t\t\t\t\t\t\r\n\t\t\t\t\t\t\t<p class=\"woocommerce-form-row woocommerce-form-row--wide form-row form-row-wide\">\r\n\t\t\t\t\t\t\t\t<label class=\"font-weight-medium mb-1\" for=\"reg_password\">Heslo&nbsp;<span class=\"required\" aria-hidden=\"true\">*<\/span><span class=\"screen-reader-text\">Povinn\u00e9<\/span><\/label>\r\n\t\t\t\t\t\t\t\t<input type=\"password\" class=\"woocommerce-Input woocommerce-Input--text line-height-xl input-text\" name=\"password\" id=\"reg_password\" autocomplete=\"new-password\" required aria-required=\"true\" \/>\r\n\t\t\t\t\t\t\t<\/p>\r\n\r\n\t\t\t\t\t\t\r\n\t\t\t\t\t\t<wc-order-attribution-inputs><\/wc-order-attribution-inputs><div class=\"woocommerce-privacy-policy-text\"><p>Va\u0161e osobn\u00e9 \u00fadaje bud\u00fa pou\u017eit\u00e9 na zjednodu\u0161enie pou\u017e\u00edvania tejto webovej str\u00e1nky, na spravovanie pr\u00edstupu k v\u00e1\u0161mu \u00fa\u010dtu a na in\u00e9 \u00fa\u010dely op\u00edsan\u00e9 v <a href=\"https:\/\/treelab.eu\/sk\/zasady-ochrany-osobnych-udajov\/\" class=\"woocommerce-privacy-policy-link\" target=\"_blank\">pravidl\u00e1 ochrany s\u00fakromia<\/a>.<\/p>\n<\/div>\r\n\t\t\t\t\t\t<p class=\"status\" style=\"display: none;\"><\/p>\r\n\r\n\t\t\t\t\t\t<p class=\"woocommerce-form-row form-row mb-0\">\r\n\t\t\t\t\t\t\t<input type=\"hidden\" id=\"woocommerce-register-nonce\" name=\"woocommerce-register-nonce\" value=\"d848a4ab30\" \/><input type=\"hidden\" name=\"_wp_http_referer\" value=\"\/sk\/wp-json\/wp\/v2\/pages\/9\" \/>\t\t\t\t\t\t\t<button type=\"submit\" class=\"woocommerce-Button button register-btn btn-v-dark text-md py-3 w-100\" name=\"register\" value=\"Registrova\u0165 sa\">Registrova\u0165 sa<\/button>\r\n\t\t\t\t\t\t<\/p>\r\n\r\n\t\t\t\t\t\t\r\n\t\t\t\t\t<\/form>\r\n\r\n\t\t\t\t<\/div>\r\n\t\t\t<\/div>\r\n\t\t\t\r\n\t\t\t\t\t<\/div>\r\n\t<\/div>\r\n<\/div>\r\n<\/div>","protected":false},"excerpt":{"rendered":"Prihl\u00e1senie Pou\u017e\u00edvate\u013esk\u00e9 meno alebo e-mailov\u00e1 adresa&nbsp;*Povinn\u00e9 Heslo&nbsp;*Povinn\u00e9 Zapam\u00e4ta\u0165 si ma Zabudli ste heslo? Prihl\u00e1senie Registrova\u0165 sa Krstn\u00e9 meno* Priezvisko* E-mailov\u00e1 adresa&nbsp;*Povinn\u00e9 Heslo&nbsp;*Povinn\u00e9 Va\u0161e osobn\u00e9 \u00fadaje bud\u00fa pou\u017eit\u00e9 na zjednodu\u0161enie pou\u017e\u00edvania tejto webovej str\u00e1nky, na spravovanie pr\u00edstupu k v\u00e1\u0161mu \u00fa\u010dtu a na in\u00e9 \u00fa\u010dely op\u00edsan\u00e9 v pravidl\u00e1 ochrany s\u00fakromia. Registrova\u0165 sa","protected":false},"author":2,"featured_media":0,"parent":0,"menu_order":0,"comment_status":"closed","ping_status":"closed","template":"","meta":{"footnotes":""},"class_list":["post-9","page","type-page","status-publish","hentry"],"yoast_head":"<!-- This site is optimized with the Yoast SEO plugin v23.4 - https:\/\/yoast.com\/wordpress\/plugins\/seo\/ -->\n<title>M\u00f4j \u00fa\u010det | TreeLab.eu<\/title>\n<meta name=\"robots\" content=\"noindex, follow, max-snippet:-1, max-image-preview:large, max-video-preview:-1\" \/>\n<meta property=\"og:locale\" content=\"sk_SK\" \/>\n<meta property=\"og:type\" content=\"article\" \/>\n<meta property=\"og:title\" content=\"M\u00f4j \u00fa\u010det | TreeLab.eu\" \/>\n<meta property=\"og:url\" content=\"https:\/\/treelab.eu\/sk\/moj-ucet\/\" \/>\n<meta property=\"og:site_name\" content=\"TreeLab.eu\" \/>\n<meta property=\"article:modified_time\" content=\"2022-11-29T11:19:16+00:00\" \/>\n<meta name=\"twitter:card\" content=\"summary_large_image\" \/>\n<script type=\"application\/ld+json\" class=\"yoast-schema-graph\">{\"@context\":\"https:\/\/schema.org\",\"@graph\":[{\"@type\":\"WebPage\",\"@id\":\"https:\/\/treelab.eu\/sk\/moj-ucet\/\",\"url\":\"https:\/\/treelab.eu\/sk\/moj-ucet\/\",\"name\":\"M\u00f4j \u00fa\u010det | TreeLab.eu\",\"isPartOf\":{\"@id\":\"https:\/\/treelab.eu\/sk\/#website\"},\"datePublished\":\"2022-11-29T11:00:36+00:00\",\"dateModified\":\"2022-11-29T11:19:16+00:00\",\"breadcrumb\":{\"@id\":\"https:\/\/treelab.eu\/sk\/moj-ucet\/#breadcrumb\"},\"inLanguage\":\"sk-SK\",\"potentialAction\":[{\"@type\":\"ReadAction\",\"target\":[\"https:\/\/treelab.eu\/sk\/moj-ucet\/\"]}]},{\"@type\":\"BreadcrumbList\",\"@id\":\"https:\/\/treelab.eu\/sk\/moj-ucet\/#breadcrumb\",\"itemListElement\":[{\"@type\":\"ListItem\",\"position\":1,\"name\":\"Domov\",\"item\":\"https:\/\/treelab.eu\/sk\/\"},{\"@type\":\"ListItem\",\"position\":2,\"name\":\"M\u00f4j \u00fa\u010det\"}]},{\"@type\":\"WebSite\",\"@id\":\"https:\/\/treelab.eu\/sk\/#website\",\"url\":\"https:\/\/treelab.eu\/sk\/\",\"name\":\"TreeLab.eu\",\"description\":\"Easy does it\",\"publisher\":{\"@id\":\"https:\/\/treelab.eu\/sk\/#organization\"},\"potentialAction\":[{\"@type\":\"SearchAction\",\"target\":{\"@type\":\"EntryPoint\",\"urlTemplate\":\"https:\/\/treelab.eu\/sk\/?s={search_term_string}\"},\"query-input\":{\"@type\":\"PropertyValueSpecification\",\"valueRequired\":true,\"valueName\":\"search_term_string\"}}],\"inLanguage\":\"sk-SK\"},{\"@type\":\"Organization\",\"@id\":\"https:\/\/treelab.eu\/sk\/#organization\",\"name\":\"TreeLab s.r.o.\",\"url\":\"https:\/\/treelab.eu\/sk\/\",\"logo\":{\"@type\":\"ImageObject\",\"inLanguage\":\"sk-SK\",\"@id\":\"https:\/\/treelab.eu\/sk\/#\/schema\/logo\/image\/\",\"url\":\"https:\/\/treelab.eu\/wp-content\/uploads\/2023\/01\/TreeLab-logo-email.png\",\"contentUrl\":\"https:\/\/treelab.eu\/wp-content\/uploads\/2023\/01\/TreeLab-logo-email.png\",\"width\":400,\"height\":104,\"caption\":\"TreeLab s.r.o.\"},\"image\":{\"@id\":\"https:\/\/treelab.eu\/sk\/#\/schema\/logo\/image\/\"}}]}<\/script>\n<!-- \/ Yoast SEO plugin. -->","yoast_head_json":{"title":"M\u00f4j \u00fa\u010det | TreeLab.eu","robots":{"index":"noindex","follow":"follow","max-snippet":"max-snippet:-1","max-image-preview":"max-image-preview:large","max-video-preview":"max-video-preview:-1"},"og_locale":"sk_SK","og_type":"article","og_title":"M\u00f4j \u00fa\u010det | TreeLab.eu","og_url":"https:\/\/treelab.eu\/sk\/moj-ucet\/","og_site_name":"TreeLab.eu","article_modified_time":"2022-11-29T11:19:16+00:00","twitter_card":"summary_large_image","schema":{"@context":"https:\/\/schema.org","@graph":[{"@type":"WebPage","@id":"https:\/\/treelab.eu\/sk\/moj-ucet\/","url":"https:\/\/treelab.eu\/sk\/moj-ucet\/","name":"M\u00f4j \u00fa\u010det | TreeLab.eu","isPartOf":{"@id":"https:\/\/treelab.eu\/sk\/#website"},"datePublished":"2022-11-29T11:00:36+00:00","dateModified":"2022-11-29T11:19:16+00:00","breadcrumb":{"@id":"https:\/\/treelab.eu\/sk\/moj-ucet\/#breadcrumb"},"inLanguage":"sk-SK","potentialAction":[{"@type":"ReadAction","target":["https:\/\/treelab.eu\/sk\/moj-ucet\/"]}]},{"@type":"BreadcrumbList","@id":"https:\/\/treelab.eu\/sk\/moj-ucet\/#breadcrumb","itemListElement":[{"@type":"ListItem","position":1,"name":"Domov","item":"https:\/\/treelab.eu\/sk\/"},{"@type":"ListItem","position":2,"name":"M\u00f4j \u00fa\u010det"}]},{"@type":"WebSite","@id":"https:\/\/treelab.eu\/sk\/#website","url":"https:\/\/treelab.eu\/sk\/","name":"TreeLab.eu","description":"Easy does it","publisher":{"@id":"https:\/\/treelab.eu\/sk\/#organization"},"potentialAction":[{"@type":"SearchAction","target":{"@type":"EntryPoint","urlTemplate":"https:\/\/treelab.eu\/sk\/?s={search_term_string}"},"query-input":{"@type":"PropertyValueSpecification","valueRequired":true,"valueName":"search_term_string"}}],"inLanguage":"sk-SK"},{"@type":"Organization","@id":"https:\/\/treelab.eu\/sk\/#organization","name":"TreeLab s.r.o.","url":"https:\/\/treelab.eu\/sk\/","logo":{"@type":"ImageObject","inLanguage":"sk-SK","@id":"https:\/\/treelab.eu\/sk\/#\/schema\/logo\/image\/","url":"https:\/\/treelab.eu\/wp-content\/uploads\/2023\/01\/TreeLab-logo-email.png","contentUrl":"https:\/\/treelab.eu\/wp-content\/uploads\/2023\/01\/TreeLab-logo-email.png","width":400,"height":104,"caption":"TreeLab s.r.o."},"image":{"@id":"https:\/\/treelab.eu\/sk\/#\/schema\/logo\/image\/"}}]}},"_links":{"self":[{"href":"https:\/\/treelab.eu\/sk\/wp-json\/wp\/v2\/pages\/9"}],"collection":[{"href":"https:\/\/treelab.eu\/sk\/wp-json\/wp\/v2\/pages"}],"about":[{"href":"https:\/\/treelab.eu\/sk\/wp-json\/wp\/v2\/types\/page"}],"author":[{"embeddable":true,"href":"https:\/\/treelab.eu\/sk\/wp-json\/wp\/v2\/users\/2"}],"replies":[{"embeddable":true,"href":"https:\/\/treelab.eu\/sk\/wp-json\/wp\/v2\/comments?post=9"}],"version-history":[{"count":0,"href":"https:\/\/treelab.eu\/sk\/wp-json\/wp\/v2\/pages\/9\/revisions"}],"wp:attachment":[{"href":"https:\/\/treelab.eu\/sk\/wp-json\/wp\/v2\/media?parent=9"}],"curies":[{"name":"wp","href":"https:\/\/api.w.org\/{rel}","templated":true}]}}