{"id":5120,"date":"2022-12-05T13:00:01","date_gmt":"2022-12-05T12:00:01","guid":{"rendered":"https:\/\/treelab.eu\/?post_type=product&#038;p=5120"},"modified":"2023-08-22T08:52:52","modified_gmt":"2023-08-22T06:52:52","slug":"hydraflora","status":"publish","type":"product","link":"https:\/\/treelab.eu\/sk\/obchod\/hydraflora\/","title":{"rendered":"HydraFlora"},"content":{"rendered":"<p><strong><span style=\"vertical-align: inherit;\"><span style=\"vertical-align: inherit;\">Predstavujeme HydraFloru &#8211; Ultim\u00e1tnu rie\u0161enie pre bezstarostn\u00fa starostlivos\u0165 o rastliny<\/span><\/span><\/strong><\/p>\n<p><span style=\"vertical-align: inherit;\"><span style=\"vertical-align: inherit;\">Vitajte v bud\u00facnosti starostlivosti o rastliny. <\/span><span style=\"vertical-align: inherit;\">HydraFlora je revolu\u010dn\u00fd, sol\u00e1rny poh\u00e1\u0148an\u00fd, samozavla\u017eovac\u00ed syst\u00e9m navrhnut\u00fd tak, aby v\u00e1m u\u013eah\u010dil \u017eivot a obohatil va\u0161e rastliny. <\/span><span style=\"vertical-align: inherit;\">N\u00e1\u0161 inovat\u00edvny pr\u00edstroj automaticky zavla\u017euje va\u0161e rastliny, upozor\u0148uje v\u00e1s, ke\u010f je \u010das doplni\u0165 vodu a rob\u00ed z va\u0161ej rutiny starostlivosti o rastliny bezstarostn\u00fd a bezprobl\u00e9mov\u00fd z\u00e1\u017eitok.<\/span><\/span><\/p>\n<p><span style=\"vertical-align: inherit;\"><span style=\"vertical-align: inherit;\">Navrhnut\u00e1 s l\u00e1skou k rastlin\u00e1m a udr\u017eate\u013enosti, HydraFlora je ohromuj\u00facou k\u013e\u00fa\u010dovou formou a funkciou, ktor\u00e1 zabezpe\u010duje, \u017ee va\u0161a rastlina dost\u00e1va starostlivos\u0165, ktor\u00fa potrebujete a z\u00e1rove\u0148 dop\u013a\u0148a estetiku v\u00e1\u0161ho domova.<\/span><\/span><\/p>\n<hr \/>\n<p><strong><span style=\"vertical-align: inherit;\"><span style=\"vertical-align: inherit;\">K\u013e\u00fa\u010dov\u00e9 vlastnosti:<\/span><\/span><\/strong><\/p>\n<ul>\n<li><strong><span style=\"vertical-align: inherit;\"><span style=\"vertical-align: inherit;\">Automatizovan\u00e9 zavla\u017eovanie:<\/span><\/span><\/strong><span style=\"vertical-align: inherit;\"><span style=\"vertical-align: inherit;\"> HydraFlora spr\u00e1vne h\u00e1danie pri zavla\u017eovan\u00ed. <\/span><span style=\"vertical-align: inherit;\">Automaticky poskytuje va\u0161im rastlin\u00e1m perfektn\u00e9 mno\u017estvo vody, \u010d\u00edm zabezpe\u010duje rast a prosperitu.<\/span><\/span><\/li>\n<li><strong><span style=\"vertical-align: inherit;\"><span style=\"vertical-align: inherit;\">Sol\u00e1rne poh\u00e1\u0148an\u00e9:<\/span><\/span><\/strong><span style=\"vertical-align: inherit;\"><span style=\"vertical-align: inherit;\"> Vyu\u017e\u00edvaj\u00fac silu slnka, HydraFlora je skuto\u010dne zelen\u00e9 rie\u0161enie. <\/span><span style=\"vertical-align: inherit;\">Nab\u00edja sa po\u010das d\u0148a a udr\u017eiava va\u0161e rastliny hydratovan\u00e9 bez \u010fal\u0161ej spotreby elektriny.<\/span><\/span><\/li>\n<li><strong><span style=\"vertical-align: inherit;\"><span style=\"vertical-align: inherit;\">Upozornenie na doplnenie:<\/span><\/span><\/strong><span style=\"vertical-align: inherit;\"><span style=\"vertical-align: inherit;\"> Nikdy sa u\u017e neob\u00e1vajte, \u017ee zabudnete doplni\u0165 vodu do zavla\u017eovacieho syst\u00e9mu. <\/span><span style=\"vertical-align: inherit;\">Inteligentn\u00e1 LED indik\u00e1cia HydraFlory sa rozsvieti, ke\u010f je \u010das doplni\u0165 z\u00e1sobu vody.<\/span><\/span><\/li>\n<li><strong><span style=\"vertical-align: inherit;\"><span style=\"vertical-align: inherit;\">Elegantn\u00fd dizajn:<\/span><\/span><\/strong><span style=\"vertical-align: inherit;\"><span style=\"vertical-align: inherit;\"> Navrhnut\u00fd tak, aby sa hladko zmie\u0161al s va\u0161ou dom\u00e1cou v\u00fdzdobou, u\u0161\u013eachtil\u00fdm a modern\u00fdm HydraFlory dizajnom vn\u00fatorn\u00e9ho n\u00e1dychu elegancie.<\/span><\/span><\/li>\n<\/ul>\n","protected":false},"excerpt":{"rendered":"<p>Za\u017eite rados\u0165 z bezstarostnej starostlivosti o rastliny s HydraFlorou, sol\u00e1rne poh\u00e1\u0148an\u00fdm, samo-zavla\u017eovac\u00edm syst\u00e9mom. Jeho elegantn\u00fd dizajn a inteligentn\u00e9 LED upozornenia nielen obohacuj\u00fa v\u00e1\u0161 domov, ale tie\u017e zabezpe\u010duj\u00fa, \u017ee va\u0161e rastliny bud\u00fa kvitn\u00fa\u0165. Premente svoju rutinu starostlivosti o rastliny na bezstarostn\u00fd, ekologick\u00fd z\u00e1\u017eitok s HydraFlorou u\u017e dnes!<\/p>\n","protected":false},"featured_media":4853,"template":"","meta":[],"product_cat":[15],"product_tag":[177,182,179,174,175,181,178,180],"class_list":{"0":"post-5120","1":"product","2":"type-product","3":"status-publish","4":"has-post-thumbnail","6":"product_cat-nezaradene","7":"product_tag-domova-dekoracia","8":"product_tag-hydraflora-sk","9":"product_tag-inovacie","10":"product_tag-solarne-pohanany","11":"product_tag-starostlivost-o-rastliny","12":"product_tag-udrzatelny-zivotny-styl","13":"product_tag-zahradnictvo","14":"product_tag-zelena-technologia","16":"first","17":"instock","18":"taxable","19":"shipping-taxable","20":"purchasable","21":"product-type-variable"},"yoast_head":"<!-- This site is optimized with the Yoast SEO plugin v23.4 - https:\/\/yoast.com\/wordpress\/plugins\/seo\/ -->\n<title>HydraFlora | TreeLab.eu<\/title>\n<meta name=\"description\" content=\"Za\u017eite bezstarostn\u00fa starostlivos\u0165 o rastliny s HydraFlorou, sol\u00e1rne poh\u00e1\u0148an\u00fdm, samo-zavla\u017eovac\u00edm syst\u00e9mom. K\u00fapte teraz!\" \/>\n<meta name=\"robots\" content=\"noindex, follow, max-snippet:-1, max-image-preview:large, max-video-preview:-1\" \/>\n<meta property=\"og:locale\" content=\"sk_SK\" \/>\n<meta property=\"og:type\" content=\"article\" \/>\n<meta property=\"og:title\" content=\"HydraFlora | TreeLab.eu\" \/>\n<meta property=\"og:description\" content=\"Za\u017eite bezstarostn\u00fa starostlivos\u0165 o rastliny s HydraFlorou, sol\u00e1rne poh\u00e1\u0148an\u00fdm, samo-zavla\u017eovac\u00edm syst\u00e9mom. K\u00fapte teraz!\" \/>\n<meta property=\"og:url\" content=\"https:\/\/treelab.eu\/sk\/obchod\/hydraflora\/\" \/>\n<meta property=\"og:site_name\" content=\"TreeLab.eu\" \/>\n<meta property=\"article:modified_time\" content=\"2023-08-22T06:52:52+00:00\" \/>\n<meta property=\"og:image\" content=\"https:\/\/treelab.eu\/wp-content\/uploads\/2022\/12\/WaterIt.jpg\" \/>\n\t<meta property=\"og:image:width\" content=\"800\" \/>\n\t<meta property=\"og:image:height\" content=\"800\" \/>\n\t<meta property=\"og:image:type\" content=\"image\/jpeg\" \/>\n<meta name=\"twitter:card\" content=\"summary_large_image\" \/>\n<meta name=\"twitter:label1\" content=\"Predpokladan\u00fd \u010das \u010d\u00edtania\" \/>\n\t<meta name=\"twitter:data1\" content=\"1 min\u00fata\" \/>\n<script type=\"application\/ld+json\" class=\"yoast-schema-graph\">{\"@context\":\"https:\/\/schema.org\",\"@graph\":[{\"@type\":\"WebPage\",\"@id\":\"https:\/\/treelab.eu\/sk\/obchod\/hydraflora\/\",\"url\":\"https:\/\/treelab.eu\/sk\/obchod\/hydraflora\/\",\"name\":\"HydraFlora | TreeLab.eu\",\"isPartOf\":{\"@id\":\"https:\/\/treelab.eu\/sk\/#website\"},\"primaryImageOfPage\":{\"@id\":\"https:\/\/treelab.eu\/sk\/obchod\/hydraflora\/#primaryimage\"},\"image\":{\"@id\":\"https:\/\/treelab.eu\/sk\/obchod\/hydraflora\/#primaryimage\"},\"thumbnailUrl\":\"https:\/\/treelab.eu\/wp-content\/uploads\/2022\/12\/WaterIt.jpg\",\"datePublished\":\"2022-12-05T12:00:01+00:00\",\"dateModified\":\"2023-08-22T06:52:52+00:00\",\"description\":\"Za\u017eite bezstarostn\u00fa starostlivos\u0165 o rastliny s HydraFlorou, sol\u00e1rne poh\u00e1\u0148an\u00fdm, samo-zavla\u017eovac\u00edm syst\u00e9mom. K\u00fapte teraz!\",\"breadcrumb\":{\"@id\":\"https:\/\/treelab.eu\/sk\/obchod\/hydraflora\/#breadcrumb\"},\"inLanguage\":\"sk-SK\",\"potentialAction\":[{\"@type\":\"ReadAction\",\"target\":[\"https:\/\/treelab.eu\/sk\/obchod\/hydraflora\/\"]}]},{\"@type\":\"ImageObject\",\"inLanguage\":\"sk-SK\",\"@id\":\"https:\/\/treelab.eu\/sk\/obchod\/hydraflora\/#primaryimage\",\"url\":\"https:\/\/treelab.eu\/wp-content\/uploads\/2022\/12\/WaterIt.jpg\",\"contentUrl\":\"https:\/\/treelab.eu\/wp-content\/uploads\/2022\/12\/WaterIt.jpg\",\"width\":800,\"height\":800},{\"@type\":\"BreadcrumbList\",\"@id\":\"https:\/\/treelab.eu\/sk\/obchod\/hydraflora\/#breadcrumb\",\"itemListElement\":[{\"@type\":\"ListItem\",\"position\":1,\"name\":\"Domov\",\"item\":\"https:\/\/treelab.eu\/sk\/\"},{\"@type\":\"ListItem\",\"position\":2,\"name\":\"Obchod\",\"item\":\"https:\/\/treelab.eu\/obchod\/\"},{\"@type\":\"ListItem\",\"position\":3,\"name\":\"HydraFlora\"}]},{\"@type\":\"WebSite\",\"@id\":\"https:\/\/treelab.eu\/sk\/#website\",\"url\":\"https:\/\/treelab.eu\/sk\/\",\"name\":\"TreeLab.eu\",\"description\":\"Easy does it\",\"publisher\":{\"@id\":\"https:\/\/treelab.eu\/sk\/#organization\"},\"potentialAction\":[{\"@type\":\"SearchAction\",\"target\":{\"@type\":\"EntryPoint\",\"urlTemplate\":\"https:\/\/treelab.eu\/sk\/?s={search_term_string}\"},\"query-input\":{\"@type\":\"PropertyValueSpecification\",\"valueRequired\":true,\"valueName\":\"search_term_string\"}}],\"inLanguage\":\"sk-SK\"},{\"@type\":\"Organization\",\"@id\":\"https:\/\/treelab.eu\/sk\/#organization\",\"name\":\"TreeLab s.r.o.\",\"url\":\"https:\/\/treelab.eu\/sk\/\",\"logo\":{\"@type\":\"ImageObject\",\"inLanguage\":\"sk-SK\",\"@id\":\"https:\/\/treelab.eu\/sk\/#\/schema\/logo\/image\/\",\"url\":\"https:\/\/treelab.eu\/wp-content\/uploads\/2023\/01\/TreeLab-logo-email.png\",\"contentUrl\":\"https:\/\/treelab.eu\/wp-content\/uploads\/2023\/01\/TreeLab-logo-email.png\",\"width\":400,\"height\":104,\"caption\":\"TreeLab s.r.o.\"},\"image\":{\"@id\":\"https:\/\/treelab.eu\/sk\/#\/schema\/logo\/image\/\"}}]}<\/script>\n<!-- \/ Yoast SEO plugin. -->","yoast_head_json":{"title":"HydraFlora | TreeLab.eu","description":"Za\u017eite bezstarostn\u00fa starostlivos\u0165 o rastliny s HydraFlorou, sol\u00e1rne poh\u00e1\u0148an\u00fdm, samo-zavla\u017eovac\u00edm syst\u00e9mom. K\u00fapte teraz!","robots":{"index":"noindex","follow":"follow","max-snippet":"max-snippet:-1","max-image-preview":"max-image-preview:large","max-video-preview":"max-video-preview:-1"},"og_locale":"sk_SK","og_type":"article","og_title":"HydraFlora | TreeLab.eu","og_description":"Za\u017eite bezstarostn\u00fa starostlivos\u0165 o rastliny s HydraFlorou, sol\u00e1rne poh\u00e1\u0148an\u00fdm, samo-zavla\u017eovac\u00edm syst\u00e9mom. K\u00fapte teraz!","og_url":"https:\/\/treelab.eu\/sk\/obchod\/hydraflora\/","og_site_name":"TreeLab.eu","article_modified_time":"2023-08-22T06:52:52+00:00","og_image":[{"width":800,"height":800,"url":"https:\/\/treelab.eu\/wp-content\/uploads\/2022\/12\/WaterIt.jpg","type":"image\/jpeg"}],"twitter_card":"summary_large_image","twitter_misc":{"Predpokladan\u00fd \u010das \u010d\u00edtania":"1 min\u00fata"},"schema":{"@context":"https:\/\/schema.org","@graph":[{"@type":"WebPage","@id":"https:\/\/treelab.eu\/sk\/obchod\/hydraflora\/","url":"https:\/\/treelab.eu\/sk\/obchod\/hydraflora\/","name":"HydraFlora | TreeLab.eu","isPartOf":{"@id":"https:\/\/treelab.eu\/sk\/#website"},"primaryImageOfPage":{"@id":"https:\/\/treelab.eu\/sk\/obchod\/hydraflora\/#primaryimage"},"image":{"@id":"https:\/\/treelab.eu\/sk\/obchod\/hydraflora\/#primaryimage"},"thumbnailUrl":"https:\/\/treelab.eu\/wp-content\/uploads\/2022\/12\/WaterIt.jpg","datePublished":"2022-12-05T12:00:01+00:00","dateModified":"2023-08-22T06:52:52+00:00","description":"Za\u017eite bezstarostn\u00fa starostlivos\u0165 o rastliny s HydraFlorou, sol\u00e1rne poh\u00e1\u0148an\u00fdm, samo-zavla\u017eovac\u00edm syst\u00e9mom. K\u00fapte teraz!","breadcrumb":{"@id":"https:\/\/treelab.eu\/sk\/obchod\/hydraflora\/#breadcrumb"},"inLanguage":"sk-SK","potentialAction":[{"@type":"ReadAction","target":["https:\/\/treelab.eu\/sk\/obchod\/hydraflora\/"]}]},{"@type":"ImageObject","inLanguage":"sk-SK","@id":"https:\/\/treelab.eu\/sk\/obchod\/hydraflora\/#primaryimage","url":"https:\/\/treelab.eu\/wp-content\/uploads\/2022\/12\/WaterIt.jpg","contentUrl":"https:\/\/treelab.eu\/wp-content\/uploads\/2022\/12\/WaterIt.jpg","width":800,"height":800},{"@type":"BreadcrumbList","@id":"https:\/\/treelab.eu\/sk\/obchod\/hydraflora\/#breadcrumb","itemListElement":[{"@type":"ListItem","position":1,"name":"Domov","item":"https:\/\/treelab.eu\/sk\/"},{"@type":"ListItem","position":2,"name":"Obchod","item":"https:\/\/treelab.eu\/obchod\/"},{"@type":"ListItem","position":3,"name":"HydraFlora"}]},{"@type":"WebSite","@id":"https:\/\/treelab.eu\/sk\/#website","url":"https:\/\/treelab.eu\/sk\/","name":"TreeLab.eu","description":"Easy does it","publisher":{"@id":"https:\/\/treelab.eu\/sk\/#organization"},"potentialAction":[{"@type":"SearchAction","target":{"@type":"EntryPoint","urlTemplate":"https:\/\/treelab.eu\/sk\/?s={search_term_string}"},"query-input":{"@type":"PropertyValueSpecification","valueRequired":true,"valueName":"search_term_string"}}],"inLanguage":"sk-SK"},{"@type":"Organization","@id":"https:\/\/treelab.eu\/sk\/#organization","name":"TreeLab s.r.o.","url":"https:\/\/treelab.eu\/sk\/","logo":{"@type":"ImageObject","inLanguage":"sk-SK","@id":"https:\/\/treelab.eu\/sk\/#\/schema\/logo\/image\/","url":"https:\/\/treelab.eu\/wp-content\/uploads\/2023\/01\/TreeLab-logo-email.png","contentUrl":"https:\/\/treelab.eu\/wp-content\/uploads\/2023\/01\/TreeLab-logo-email.png","width":400,"height":104,"caption":"TreeLab s.r.o."},"image":{"@id":"https:\/\/treelab.eu\/sk\/#\/schema\/logo\/image\/"}}]}},"_links":{"self":[{"href":"https:\/\/treelab.eu\/sk\/wp-json\/wp\/v2\/product\/5120"}],"collection":[{"href":"https:\/\/treelab.eu\/sk\/wp-json\/wp\/v2\/product"}],"about":[{"href":"https:\/\/treelab.eu\/sk\/wp-json\/wp\/v2\/types\/product"}],"wp:featuredmedia":[{"embeddable":true,"href":"https:\/\/treelab.eu\/sk\/wp-json\/wp\/v2\/media\/4853"}],"wp:attachment":[{"href":"https:\/\/treelab.eu\/sk\/wp-json\/wp\/v2\/media?parent=5120"}],"wp:term":[{"taxonomy":"product_cat","embeddable":true,"href":"https:\/\/treelab.eu\/sk\/wp-json\/wp\/v2\/product_cat?post=5120"},{"taxonomy":"product_tag","embeddable":true,"href":"https:\/\/treelab.eu\/sk\/wp-json\/wp\/v2\/product_tag?post=5120"}],"curies":[{"name":"wp","href":"https:\/\/api.w.org\/{rel}","templated":true}]}}