{"id":5394,"date":"2023-05-27T09:59:04","date_gmt":"2023-05-27T07:59:04","guid":{"rendered":"https:\/\/treelab.eu\/shop\/test-book\/"},"modified":"2023-07-24T11:39:17","modified_gmt":"2023-07-24T09:39:17","slug":"test-book","status":"publish","type":"product","link":"https:\/\/treelab.eu\/sk\/obchod\/test-book\/","title":{"rendered":"Test Book"},"content":{"rendered":"<p><strong><span style=\"vertical-align: inherit;\"><span style=\"vertical-align: inherit;\">Lorem Ipsum<\/span><\/span><\/strong><span style=\"vertical-align: inherit;\"><span style=\"vertical-align: inherit;\"> je jednoducho fikt\u00edvny text tla\u010diarensk\u00e9ho a sadza\u010dsk\u00e9ho priemyslu. <\/span><span style=\"vertical-align: inherit;\">Lorem Ipsum je \u0161tandardn\u00fdm fikt\u00edvnym textom v tomto odvetv\u00ed u\u017e od roku 1500, ke\u010f nezn\u00e1ma tla\u010diare\u0148 vzala gal\u00e9riu p\u00edsma a zak\u00f3dovala ju, aby vytvorila knihu vzorkovn\u00edkov. <\/span><span style=\"vertical-align: inherit;\">Pre\u017eila nielen p\u00e4\u0165 storo\u010d\u00ed, ale aj skok do elektronickej sadzby, pri\u010dom zostala v podstate nezmenen\u00e1. <\/span><span style=\"vertical-align: inherit;\">Bol spopularizovan\u00fd v 60. rokoch 20. storo\u010dia vydan\u00edm listov Letraset obsahuj\u00facich pas\u00e1\u017ee Lorem Ipsum a ned\u00e1vno so softv\u00e9rom na publikovanie na po\u010d\u00edta\u010di, ako je Aldus PageMaker vr\u00e1tane verzi\u00ed Lorem Ipsum.\u00a0<\/span><\/span><\/p>\n<p><strong><span style=\"vertical-align: inherit;\"><span style=\"vertical-align: inherit;\">Lorem Ipsum<\/span><\/span><\/strong><span style=\"vertical-align: inherit;\"><span style=\"vertical-align: inherit;\"> \u00a0je jednoducho fikt\u00edvny text tla\u010diarensk\u00e9ho a sadza\u010dsk\u00e9ho priemyslu. <\/span><span style=\"vertical-align: inherit;\">Lorem Ipsum je \u0161tandardn\u00fdm fikt\u00edvnym textom v tomto odvetv\u00ed u\u017e od roku 1500, ke\u010f nezn\u00e1ma tla\u010diare\u0148 vzala gal\u00e9riu p\u00edsma a zak\u00f3dovala ju, aby vytvorila knihu vzorkovn\u00edkov. <\/span><span style=\"vertical-align: inherit;\">Pre\u017eila nielen p\u00e4\u0165 storo\u010d\u00ed, ale aj skok do elektronickej sadzby, pri\u010dom zostala v podstate nezmenen\u00e1. <\/span><span style=\"vertical-align: inherit;\">Bol spopularizovan\u00fd v 60. rokoch 20. storo\u010dia vydan\u00edm listov Letraset obsahuj\u00facich pas\u00e1\u017ee Lorem Ipsum a ned\u00e1vno so softv\u00e9rom na publikovanie na po\u010d\u00edta\u010di, ako je Aldus PageMaker vr\u00e1tane verzi\u00ed Lorem Ipsum.<\/span><\/span><\/p>\n","protected":false},"excerpt":{"rendered":"<p><strong><span style=\"vertical-align: inherit;\"><span style=\"vertical-align: inherit;\">Lorem Ipsum<\/span><\/span><\/strong><span style=\"vertical-align: inherit;\"><span style=\"vertical-align: inherit;\"> je jednoducho fikt\u00edvny text tla\u010diarensk\u00e9ho a sadza\u010dsk\u00e9ho priemyslu. <\/span><span style=\"vertical-align: inherit;\">Lorem Ipsum je \u0161tandardn\u00fdm fikt\u00edvnym textom v tomto odvetv\u00ed u\u017e od roku 1500, ke\u010f nezn\u00e1ma tla\u010diare\u0148 vzala gal\u00e9riu p\u00edsma a zak\u00f3dovala ju, aby vytvorila knihu vzorkovn\u00edkov.<\/span><\/span><\/p>\n","protected":false},"featured_media":5402,"template":"","meta":[],"product_cat":[215],"product_tag":[],"class_list":{"0":"post-5394","1":"product","2":"type-product","3":"status-publish","4":"has-post-thumbnail","6":"product_cat-knihy","8":"first","9":"outofstock","10":"downloadable","11":"virtual","12":"sold-individually","13":"taxable","14":"purchasable","15":"product-type-simple"},"yoast_head":"<!-- This site is optimized with the Yoast SEO plugin v23.4 - https:\/\/yoast.com\/wordpress\/plugins\/seo\/ -->\n<title>Test Book | TreeLab.eu<\/title>\n<meta name=\"robots\" content=\"noindex, follow, max-snippet:-1, max-image-preview:large, max-video-preview:-1\" \/>\n<meta property=\"og:locale\" content=\"sk_SK\" \/>\n<meta property=\"og:type\" content=\"article\" \/>\n<meta property=\"og:title\" content=\"Test Book | TreeLab.eu\" \/>\n<meta property=\"og:description\" content=\"Lorem Ipsum je jednoducho fikt\u00edvny text tla\u010diarensk\u00e9ho a sadza\u010dsk\u00e9ho priemyslu. Lorem Ipsum je \u0161tandardn\u00fdm fikt\u00edvnym textom v tomto odvetv\u00ed u\u017e od roku 1500, ke\u010f nezn\u00e1ma tla\u010diare\u0148 vzala gal\u00e9riu p\u00edsma a zak\u00f3dovala ju, aby vytvorila knihu vzorkovn\u00edkov.\" \/>\n<meta property=\"og:url\" content=\"https:\/\/treelab.eu\/sk\/obchod\/test-book\/\" \/>\n<meta property=\"og:site_name\" content=\"TreeLab.eu\" \/>\n<meta property=\"article:modified_time\" content=\"2023-07-24T09:39:17+00:00\" \/>\n<meta property=\"og:image\" content=\"https:\/\/treelab.eu\/wp-content\/uploads\/2023\/05\/book.jpg\" \/>\n\t<meta property=\"og:image:width\" content=\"573\" \/>\n\t<meta property=\"og:image:height\" content=\"612\" \/>\n\t<meta property=\"og:image:type\" content=\"image\/jpeg\" \/>\n<meta name=\"twitter:card\" content=\"summary_large_image\" \/>\n<meta name=\"twitter:label1\" content=\"Predpokladan\u00fd \u010das \u010d\u00edtania\" \/>\n\t<meta name=\"twitter:data1\" content=\"1 min\u00fata\" \/>\n<script type=\"application\/ld+json\" class=\"yoast-schema-graph\">{\"@context\":\"https:\/\/schema.org\",\"@graph\":[{\"@type\":\"WebPage\",\"@id\":\"https:\/\/treelab.eu\/sk\/obchod\/test-book\/\",\"url\":\"https:\/\/treelab.eu\/sk\/obchod\/test-book\/\",\"name\":\"Test Book | TreeLab.eu\",\"isPartOf\":{\"@id\":\"https:\/\/treelab.eu\/sk\/#website\"},\"primaryImageOfPage\":{\"@id\":\"https:\/\/treelab.eu\/sk\/obchod\/test-book\/#primaryimage\"},\"image\":{\"@id\":\"https:\/\/treelab.eu\/sk\/obchod\/test-book\/#primaryimage\"},\"thumbnailUrl\":\"https:\/\/treelab.eu\/wp-content\/uploads\/2023\/05\/book.jpg\",\"datePublished\":\"2023-05-27T07:59:04+00:00\",\"dateModified\":\"2023-07-24T09:39:17+00:00\",\"breadcrumb\":{\"@id\":\"https:\/\/treelab.eu\/sk\/obchod\/test-book\/#breadcrumb\"},\"inLanguage\":\"sk-SK\",\"potentialAction\":[{\"@type\":\"ReadAction\",\"target\":[\"https:\/\/treelab.eu\/sk\/obchod\/test-book\/\"]}]},{\"@type\":\"ImageObject\",\"inLanguage\":\"sk-SK\",\"@id\":\"https:\/\/treelab.eu\/sk\/obchod\/test-book\/#primaryimage\",\"url\":\"https:\/\/treelab.eu\/wp-content\/uploads\/2023\/05\/book.jpg\",\"contentUrl\":\"https:\/\/treelab.eu\/wp-content\/uploads\/2023\/05\/book.jpg\",\"width\":573,\"height\":612,\"caption\":\"hardcover book\"},{\"@type\":\"BreadcrumbList\",\"@id\":\"https:\/\/treelab.eu\/sk\/obchod\/test-book\/#breadcrumb\",\"itemListElement\":[{\"@type\":\"ListItem\",\"position\":1,\"name\":\"Domov\",\"item\":\"https:\/\/treelab.eu\/sk\/\"},{\"@type\":\"ListItem\",\"position\":2,\"name\":\"Obchod\",\"item\":\"https:\/\/treelab.eu\/obchod\/\"},{\"@type\":\"ListItem\",\"position\":3,\"name\":\"Test Book\"}]},{\"@type\":\"WebSite\",\"@id\":\"https:\/\/treelab.eu\/sk\/#website\",\"url\":\"https:\/\/treelab.eu\/sk\/\",\"name\":\"TreeLab.eu\",\"description\":\"Easy does it\",\"publisher\":{\"@id\":\"https:\/\/treelab.eu\/sk\/#organization\"},\"potentialAction\":[{\"@type\":\"SearchAction\",\"target\":{\"@type\":\"EntryPoint\",\"urlTemplate\":\"https:\/\/treelab.eu\/sk\/?s={search_term_string}\"},\"query-input\":{\"@type\":\"PropertyValueSpecification\",\"valueRequired\":true,\"valueName\":\"search_term_string\"}}],\"inLanguage\":\"sk-SK\"},{\"@type\":\"Organization\",\"@id\":\"https:\/\/treelab.eu\/sk\/#organization\",\"name\":\"TreeLab s.r.o.\",\"url\":\"https:\/\/treelab.eu\/sk\/\",\"logo\":{\"@type\":\"ImageObject\",\"inLanguage\":\"sk-SK\",\"@id\":\"https:\/\/treelab.eu\/sk\/#\/schema\/logo\/image\/\",\"url\":\"https:\/\/treelab.eu\/wp-content\/uploads\/2023\/01\/TreeLab-logo-email.png\",\"contentUrl\":\"https:\/\/treelab.eu\/wp-content\/uploads\/2023\/01\/TreeLab-logo-email.png\",\"width\":400,\"height\":104,\"caption\":\"TreeLab s.r.o.\"},\"image\":{\"@id\":\"https:\/\/treelab.eu\/sk\/#\/schema\/logo\/image\/\"}}]}<\/script>\n<!-- \/ Yoast SEO plugin. -->","yoast_head_json":{"title":"Test Book | TreeLab.eu","robots":{"index":"noindex","follow":"follow","max-snippet":"max-snippet:-1","max-image-preview":"max-image-preview:large","max-video-preview":"max-video-preview:-1"},"og_locale":"sk_SK","og_type":"article","og_title":"Test Book | TreeLab.eu","og_description":"Lorem Ipsum je jednoducho fikt\u00edvny text tla\u010diarensk\u00e9ho a sadza\u010dsk\u00e9ho priemyslu. Lorem Ipsum je \u0161tandardn\u00fdm fikt\u00edvnym textom v tomto odvetv\u00ed u\u017e od roku 1500, ke\u010f nezn\u00e1ma tla\u010diare\u0148 vzala gal\u00e9riu p\u00edsma a zak\u00f3dovala ju, aby vytvorila knihu vzorkovn\u00edkov.","og_url":"https:\/\/treelab.eu\/sk\/obchod\/test-book\/","og_site_name":"TreeLab.eu","article_modified_time":"2023-07-24T09:39:17+00:00","og_image":[{"width":573,"height":612,"url":"https:\/\/treelab.eu\/wp-content\/uploads\/2023\/05\/book.jpg","type":"image\/jpeg"}],"twitter_card":"summary_large_image","twitter_misc":{"Predpokladan\u00fd \u010das \u010d\u00edtania":"1 min\u00fata"},"schema":{"@context":"https:\/\/schema.org","@graph":[{"@type":"WebPage","@id":"https:\/\/treelab.eu\/sk\/obchod\/test-book\/","url":"https:\/\/treelab.eu\/sk\/obchod\/test-book\/","name":"Test Book | TreeLab.eu","isPartOf":{"@id":"https:\/\/treelab.eu\/sk\/#website"},"primaryImageOfPage":{"@id":"https:\/\/treelab.eu\/sk\/obchod\/test-book\/#primaryimage"},"image":{"@id":"https:\/\/treelab.eu\/sk\/obchod\/test-book\/#primaryimage"},"thumbnailUrl":"https:\/\/treelab.eu\/wp-content\/uploads\/2023\/05\/book.jpg","datePublished":"2023-05-27T07:59:04+00:00","dateModified":"2023-07-24T09:39:17+00:00","breadcrumb":{"@id":"https:\/\/treelab.eu\/sk\/obchod\/test-book\/#breadcrumb"},"inLanguage":"sk-SK","potentialAction":[{"@type":"ReadAction","target":["https:\/\/treelab.eu\/sk\/obchod\/test-book\/"]}]},{"@type":"ImageObject","inLanguage":"sk-SK","@id":"https:\/\/treelab.eu\/sk\/obchod\/test-book\/#primaryimage","url":"https:\/\/treelab.eu\/wp-content\/uploads\/2023\/05\/book.jpg","contentUrl":"https:\/\/treelab.eu\/wp-content\/uploads\/2023\/05\/book.jpg","width":573,"height":612,"caption":"hardcover book"},{"@type":"BreadcrumbList","@id":"https:\/\/treelab.eu\/sk\/obchod\/test-book\/#breadcrumb","itemListElement":[{"@type":"ListItem","position":1,"name":"Domov","item":"https:\/\/treelab.eu\/sk\/"},{"@type":"ListItem","position":2,"name":"Obchod","item":"https:\/\/treelab.eu\/obchod\/"},{"@type":"ListItem","position":3,"name":"Test Book"}]},{"@type":"WebSite","@id":"https:\/\/treelab.eu\/sk\/#website","url":"https:\/\/treelab.eu\/sk\/","name":"TreeLab.eu","description":"Easy does it","publisher":{"@id":"https:\/\/treelab.eu\/sk\/#organization"},"potentialAction":[{"@type":"SearchAction","target":{"@type":"EntryPoint","urlTemplate":"https:\/\/treelab.eu\/sk\/?s={search_term_string}"},"query-input":{"@type":"PropertyValueSpecification","valueRequired":true,"valueName":"search_term_string"}}],"inLanguage":"sk-SK"},{"@type":"Organization","@id":"https:\/\/treelab.eu\/sk\/#organization","name":"TreeLab s.r.o.","url":"https:\/\/treelab.eu\/sk\/","logo":{"@type":"ImageObject","inLanguage":"sk-SK","@id":"https:\/\/treelab.eu\/sk\/#\/schema\/logo\/image\/","url":"https:\/\/treelab.eu\/wp-content\/uploads\/2023\/01\/TreeLab-logo-email.png","contentUrl":"https:\/\/treelab.eu\/wp-content\/uploads\/2023\/01\/TreeLab-logo-email.png","width":400,"height":104,"caption":"TreeLab s.r.o."},"image":{"@id":"https:\/\/treelab.eu\/sk\/#\/schema\/logo\/image\/"}}]}},"_links":{"self":[{"href":"https:\/\/treelab.eu\/sk\/wp-json\/wp\/v2\/product\/5394"}],"collection":[{"href":"https:\/\/treelab.eu\/sk\/wp-json\/wp\/v2\/product"}],"about":[{"href":"https:\/\/treelab.eu\/sk\/wp-json\/wp\/v2\/types\/product"}],"wp:featuredmedia":[{"embeddable":true,"href":"https:\/\/treelab.eu\/sk\/wp-json\/wp\/v2\/media\/5402"}],"wp:attachment":[{"href":"https:\/\/treelab.eu\/sk\/wp-json\/wp\/v2\/media?parent=5394"}],"wp:term":[{"taxonomy":"product_cat","embeddable":true,"href":"https:\/\/treelab.eu\/sk\/wp-json\/wp\/v2\/product_cat?post=5394"},{"taxonomy":"product_tag","embeddable":true,"href":"https:\/\/treelab.eu\/sk\/wp-json\/wp\/v2\/product_tag?post=5394"}],"curies":[{"name":"wp","href":"https:\/\/api.w.org\/{rel}","templated":true}]}}